{"id":7770,"date":"2021-07-28T15:17:42","date_gmt":"2021-07-28T13:17:42","guid":{"rendered":"https:\/\/skrivanek.com\/localizzazione\/"},"modified":"2023-10-18T16:01:58","modified_gmt":"2023-10-18T14:01:58","slug":"localizzazione","status":"publish","type":"page","link":"https:\/\/skrivanek.com\/it\/localizzazione\/","title":{"rendered":"Localizzazione"},"content":{"rendered":"<div id=\"pl-7770\"  class=\"panel-layout\" ><div id=\"pg-7770-0\"  class=\"panel-grid panel-has-style\" ><div class=\"siteorigin-panels-stretch panel-row-style panel-row-style-for-7770-0\" data-stretch-type=\"full\" ><div id=\"pgc-7770-0-0\"  class=\"panel-grid-cell\" ><div id=\"panel-7770-0-0-0\" class=\"so-panel widget widget_wpa9-card-m panel-first-child panel-last-child\" data-index=\"0\" ><div\n\t\t\t\n\t\t\tclass=\"so-widget-wpa9-card-m so-widget-wpa9-card-m-default-c93e1481a745-7770\"\n\t\t\t\n\t\t>\n\n<section class=\"wpa9-card wpa9-card-m-container d-flex flex-wrap justify-content-center CwHap7\">\n\n\t\n\t\t\n\t\t\t\n\t<article class=\"wpa9-card-m-panel wpa9-panel \">\n\t<a class=\"rounded\" href=\"\/it\/localizzazione\/localizzazione-dei-siti-web\/\" title=\"Localizzazione dei siti Web\">\n\t\t\t\t<header class=\"d-block flex-wrap pb-4\">\n\t\t\t\t\t\t\t<span class=\"wpa9-card-icon icon d-none\" style=\"background-image: url('https:\/\/skrivanek.com\/wp-content\/uploads\/2021\/03\/ico-online-vyuka.svg')\"><\/span>\n\t\t\t\t<span class=\"wpa9-card-icon icon\" style=\"mask-image: url(https:\/\/skrivanek.com\/wp-content\/uploads\/2021\/03\/ico-online-vyuka.svg); -webkit-mask-image: url(https:\/\/skrivanek.com\/wp-content\/uploads\/2021\/03\/ico-online-vyuka.svg);\"><\/span>\n\t\t\t\n\t\t\t\t\t\t\t\t<h2 class=\"wpa9-card-title\">Localizzazione dei siti Web<\/h2>\n\t\t\t\t<\/header>\n\n\t\t\t\t<main class=\"wpa9-card-content\"><p>Per mantenere l\u2019interesse dei clienti \u00e8 importante effettuare aggiornamenti del sito Web e dotarlo di funzionalit\u00e0 multimediali pertinenti e attuali.<\/p>\n<\/main>\n\t\t\n\t<\/a>\t<\/article>\n\t\t\n\t\t\t\n\t<article class=\"wpa9-card-m-panel wpa9-panel \">\n\t<a class=\"rounded\" href=\"\/it\/localizzazione\/localizzazione-delle-funzionalita-multimediali\/\" title=\"Localizzazione delle funzionalit\u00e0 multimediali\">\n\t\t\t\t<header class=\"d-block flex-wrap pb-4\">\n\t\t\t\t\t\t\t<span class=\"wpa9-card-icon icon d-none\" style=\"background-image: url('https:\/\/skrivanek.com\/wp-content\/uploads\/2021\/03\/ico-tlumoceni-online.svg')\"><\/span>\n\t\t\t\t<span class=\"wpa9-card-icon icon\" style=\"mask-image: url(https:\/\/skrivanek.com\/wp-content\/uploads\/2021\/03\/ico-tlumoceni-online.svg); -webkit-mask-image: url(https:\/\/skrivanek.com\/wp-content\/uploads\/2021\/03\/ico-tlumoceni-online.svg);\"><\/span>\n\t\t\t\n\t\t\t\t\t\t\t\t<h2 class=\"wpa9-card-title\">Localizzazione delle funzionalit\u00e0 multimediali<\/h2>\n\t\t\t\t<\/header>\n\n\t\t\t\t<main class=\"wpa9-card-content\"><p>Ravvivare la vostra presenza online e i vostri prodotti con funzionalit\u00e0 multimediali \u00e8 spesso la chiave per interessare profondamente il pubblico e competere a livello globale. Combinazioni audiovisive, animazioni, applicazioni flash e interattive, qualsiasi strumento audio o visivo desideriate impiegare, Skrivanek dispone della soluzione per garantirne la localizzazione e la verifica mediante test.<\/p>\n<\/main>\n\t\t\n\t<\/a>\t<\/article>\n\t\t\n\t\t\t\n\t<article class=\"wpa9-card-m-panel wpa9-panel \">\n\t<a class=\"rounded\" href=\"\/it\/localizzazione\/localizzazione-software\/\" title=\"Localizzazione software\">\n\t\t\t\t<header class=\"d-block flex-wrap pb-4\">\n\t\t\t\t\t\t\t<span class=\"wpa9-card-icon icon d-none\" style=\"background-image: url('https:\/\/skrivanek.com\/wp-content\/uploads\/2021\/03\/ico-typy-kurzu.svg')\"><\/span>\n\t\t\t\t<span class=\"wpa9-card-icon icon\" style=\"mask-image: url(https:\/\/skrivanek.com\/wp-content\/uploads\/2021\/03\/ico-typy-kurzu.svg); -webkit-mask-image: url(https:\/\/skrivanek.com\/wp-content\/uploads\/2021\/03\/ico-typy-kurzu.svg);\"><\/span>\n\t\t\t\n\t\t\t\t\t\t\t\t<h2 class=\"wpa9-card-title\">Localizzazione software<\/h2>\n\t\t\t\t<\/header>\n\n\t\t\t\t<main class=\"wpa9-card-content\"><p>Localizzare il software orientandosi verso contesti e culture specifici del mercato \u00e8 il metodo migliore per garantire la diffusione dei prodotti.<\/p>\n<\/main>\n\t\t\n\t<\/a>\t<\/article>\n\t\t\n\t\t\t\n\t<article class=\"wpa9-card-m-panel wpa9-panel \">\n\t<a class=\"rounded\" href=\"\/it\/localizzazione\/test-del-software\/\" title=\"Test del software\">\n\t\t\t\t<header class=\"d-block flex-wrap pb-4\">\n\t\t\t\t\t\t\t<span class=\"wpa9-card-icon icon d-none\" style=\"background-image: url('https:\/\/skrivanek.com\/wp-content\/uploads\/2021\/03\/ico-nmt.svg')\"><\/span>\n\t\t\t\t<span class=\"wpa9-card-icon icon\" style=\"mask-image: url(https:\/\/skrivanek.com\/wp-content\/uploads\/2021\/03\/ico-nmt.svg); -webkit-mask-image: url(https:\/\/skrivanek.com\/wp-content\/uploads\/2021\/03\/ico-nmt.svg);\"><\/span>\n\t\t\t\n\t\t\t\t\t\t\t\t<h2 class=\"wpa9-card-title\">Test del software<\/h2>\n\t\t\t\t<\/header>\n\n\t\t\t\t<main class=\"wpa9-card-content\"><p>I nostri team specializzati nei test sottopongono a test il vostro software in qualsiasi paese svolgiate l\u2019attivit\u00e0.<\/p>\n<\/main>\n\t\t\n\t<\/a>\t<\/article>\n\t\t\n\t\t\t\n\t<article class=\"wpa9-card-m-panel wpa9-panel \">\n\t<a class=\"rounded\" href=\"\/it\/traduzioni\/traduzioni-seo\/\" title=\"Traduzioni SEO\">\n\t\t\t\t<header class=\"d-block flex-wrap pb-4\">\n\t\t\t\t\t\t\t<span class=\"wpa9-card-icon icon d-none\" style=\"background-image: url('https:\/\/skrivanek.com\/wp-content\/uploads\/2021\/03\/ico-e-learning.svg')\"><\/span>\n\t\t\t\t<span class=\"wpa9-card-icon icon\" style=\"mask-image: url(https:\/\/skrivanek.com\/wp-content\/uploads\/2021\/03\/ico-e-learning.svg); -webkit-mask-image: url(https:\/\/skrivanek.com\/wp-content\/uploads\/2021\/03\/ico-e-learning.svg);\"><\/span>\n\t\t\t\n\t\t\t\t\t\t\t\t<h2 class=\"wpa9-card-title\">Traduzioni SEO<\/h2>\n\t\t\t\t<\/header>\n\n\t\t\t\t<main class=\"wpa9-card-content\">Nel XXI secolo, la traduzione ottimizzata per i motori di ricerca (SEO) \u00e8 fondamentale per il successo di un sito Web e quando siete pronti per vendere sui mercati internazionali, l\u2019ottimizzazione SEO deve essere effettuata per ogni mercato specifico.<\/main>\n\t\t\n\t<\/a>\t<\/article>\n\t\t\n\t\t\t\n\t<article class=\"wpa9-card-m-panel wpa9-panel \">\n\t<a class=\"rounded\" href=\"\/it\/altri-servizi\/\" title=\"Altri servizi\">\n\t\t\t\t<header class=\"d-block flex-wrap pb-4\">\n\t\t\t\t\t\t\t<span class=\"wpa9-card-icon icon d-none\" style=\"background-image: url('https:\/\/skrivanek.com\/wp-content\/uploads\/2021\/03\/ico-tlumoceni-distancni.svg')\"><\/span>\n\t\t\t\t<span class=\"wpa9-card-icon icon\" style=\"mask-image: url(https:\/\/skrivanek.com\/wp-content\/uploads\/2021\/03\/ico-tlumoceni-distancni.svg); -webkit-mask-image: url(https:\/\/skrivanek.com\/wp-content\/uploads\/2021\/03\/ico-tlumoceni-distancni.svg);\"><\/span>\n\t\t\t\n\t\t\t\t\t\t\t\t<h2 class=\"wpa9-card-title\">Altri servizi<\/h2>\n\t\t\t\t<\/header>\n\n\t\t\t\t<main class=\"wpa9-card-content\">Se la traduzione comprende elementi di grafica, possiamo apportare le necessarie modifiche e preparare i documenti per la stampa. In alternativa possiamo stampare per voi la traduzione finita.<\/main>\n\t\t\n\t<\/a>\t<\/article>\n\t\t\n\n\t\t\n\t\n<\/section>\n<\/div><\/div><\/div><\/div><\/div><div id=\"pg-7770-1\"  class=\"panel-grid panel-has-style\" ><div class=\"siteorigin-panels-stretch panel-row-padding-none panel-row-style panel-row-style-for-7770-1\" data-stretch-type=\"full\" ><div id=\"pgc-7770-1-0\"  class=\"panel-grid-cell\" ><div id=\"panel-7770-1-0-0\" class=\"so-panel widget widget_wpa9-editor-ext panel-first-child panel-last-child\" data-index=\"1\" ><div class=\"mascot mascot-3-1c panel-widget-style panel-widget-style-for-7770-1-0-0\" ><div\n\t\t\t\n\t\t\tclass=\"so-widget-wpa9-editor-ext so-widget-wpa9-editor-ext-default-c93e1481a745-7770\"\n\t\t\t\n\t\t>\n<div class=\"siteorigin-widget-tinymce textwidget\">\n\t<h3 style=\"text-align: center;\">Il 100% di accuratezza \u00e8 lo standard<\/h3>\n<p style=\"text-align: left;\">Poich\u00e9 l'assicurazione della qualit\u00e0 \u00e8 l\u2019essenza del nostro e del vostro successo, \u00e8 integrata in ogni fase di realizzazione del progetto. Studiata per produrre il massimo livello possibile di accuratezza, la nostra metodologia di traduzione si basa su:<\/p>\n<ol>\n<li style=\"text-align: left;\">Flussi di lavoro altamente controllati<\/li>\n<li style=\"text-align: left;\">Reclutamento meticoloso e attenta selezione di tutte le risorse<\/li>\n<li style=\"text-align: left;\">Formazione continua e supporto linguistico<\/li>\n<li style=\"text-align: left;\">Monitoraggio regolare delle prestazioni<\/li>\n<li style=\"text-align: left;\">Utilizzo di tecnologia all\u2019avanguardia per garantire coerenza<\/li>\n<\/ol>\n<\/div>\n<\/div><\/div><\/div><\/div><\/div><\/div><div id=\"pg-7770-2\"  class=\"panel-grid panel-has-style\" ><div class=\"siteorigin-panels-stretch panel-row-style panel-row-style-for-7770-2\" data-stretch-type=\"full-stretched-padded\" ><div id=\"pgc-7770-2-0\"  class=\"panel-grid-cell\" ><div id=\"panel-7770-2-0-0\" class=\"so-panel widget widget_wpa9-accordion panel-first-child panel-last-child\" data-index=\"2\" ><div\n\t\t\t\n\t\t\tclass=\"so-widget-wpa9-accordion so-widget-wpa9-accordion-default-c93e1481a745-7770\"\n\t\t\t\n\t\t><h3 class=\"widget-title\">Domande frequenti<\/h3><div class=\"wpa9-accordion\">\n\t<div class=\"wpa9-accordion-panel\" id=\"wpa9-accordion-panel-cosa-implica-il-vostro-processo-di-localizzazione\">\n\n\t\t<div class=\"wpa9-accordion-toggler d-flex\" data-panel=\"cosa-implica-il-vostro-processo-di-localizzazione\" role=\"button\" aria-controls=\"wpa9-accordion-panel-cosa-implica-il-vostro-processo-di-localizzazione\" aria-expanded=\"false\">\n\n\t\t\t<div class=\"wpa9-accordion-icon wpa9-accordion-icon-open\"><\/div>\n\n\t\t\t<div class=\"wpa9-accordion-title\">Cosa implica il vostro processo di localizzazione?<\/div>\n\n\t\t<\/div>\n\n\t\t<div class=\"wpa9-accordion-content\" role=\"region\">\n\t\t\tIl processo di localizzazione implica lo studio e la comprensione della cultura di destinazione quindi l\u2019esecuzione di adattamenti culturali e la traduzione del contenuto di origine per il mercato di destinazione. Siamo orgogliosi di disporre di linguisti locali in grado di identificare le differenze culturali dei singoli mercati.\t\t<\/div>\n\n\t<\/div>\n\t<div class=\"wpa9-accordion-panel\" id=\"wpa9-accordion-panel-quali-tipi-di-localizzazione-offrite\">\n\n\t\t<div class=\"wpa9-accordion-toggler d-flex\" data-panel=\"quali-tipi-di-localizzazione-offrite\" role=\"button\" aria-controls=\"wpa9-accordion-panel-quali-tipi-di-localizzazione-offrite\" aria-expanded=\"false\">\n\n\t\t\t<div class=\"wpa9-accordion-icon wpa9-accordion-icon-open\"><\/div>\n\n\t\t\t<div class=\"wpa9-accordion-title\">Quali tipi di localizzazione offrite?<\/div>\n\n\t\t<\/div>\n\n\t\t<div class=\"wpa9-accordion-content\" role=\"region\">\n\t\t\tIl nostro processo di localizzazione implica l\u2019adattamento culturale e la traduzione di siti Web, software, video game, voci fuori campo e altro contenuto multimediale.\t\t<\/div>\n\n\t<\/div>\n\t<div class=\"wpa9-accordion-panel\" id=\"wpa9-accordion-panel-quale-sara-il-costo\">\n\n\t\t<div class=\"wpa9-accordion-toggler d-flex\" data-panel=\"quale-sara-il-costo\" role=\"button\" aria-controls=\"wpa9-accordion-panel-quale-sara-il-costo\" aria-expanded=\"false\">\n\n\t\t\t<div class=\"wpa9-accordion-icon wpa9-accordion-icon-open\"><\/div>\n\n\t\t\t<div class=\"wpa9-accordion-title\">Quale sar\u00e0 il costo?<\/div>\n\n\t\t<\/div>\n\n\t\t<div class=\"wpa9-accordion-content\" role=\"region\">\n\t\t\tI nostri prezzi sono garantiti prima di iniziare il progetto perch\u00e9 si basano sul numero di parole e sulle esigenze di desktop publishing per il contenuto grafico. Inviateci il contenuto sorgente e vi forniremo il prezzo preciso della traduzione.\t\t<\/div>\n\n\t<\/div>\n\t<div class=\"wpa9-accordion-panel\" id=\"wpa9-accordion-panel-quanto-tempo-richiedera-la-localizzazione\">\n\n\t\t<div class=\"wpa9-accordion-toggler d-flex\" data-panel=\"quanto-tempo-richiedera-la-localizzazione\" role=\"button\" aria-controls=\"wpa9-accordion-panel-quanto-tempo-richiedera-la-localizzazione\" aria-expanded=\"false\">\n\n\t\t\t<div class=\"wpa9-accordion-icon wpa9-accordion-icon-open\"><\/div>\n\n\t\t\t<div class=\"wpa9-accordion-title\">Quanto tempo richieder\u00e0 la localizzazione?<\/div>\n\n\t\t<\/div>\n\n\t\t<div class=\"wpa9-accordion-content\" role=\"region\">\n\t\t\tCi\u00f2 dipende da svariati fattori, fra cui il numero di parole, le esigenze della impaginazione multilingue (DTP) e la complessit\u00e0 della localizzazione. Le scadenze per la consegna vengono concordate prima di iniziare il progetto in modo da non avere sorprese alla fine.\t\t<\/div>\n\n\t<\/div>\n<\/div>\n<\/div><\/div><\/div><\/div><\/div><div id=\"pg-7770-3\"  class=\"panel-grid panel-has-style\" ><div class=\"siteorigin-panels-stretch panel-row-style panel-row-style-for-7770-3\" data-stretch-type=\"full\" ><div id=\"pgc-7770-3-0\"  class=\"panel-grid-cell\" ><div id=\"panel-7770-3-0-0\" class=\"so-panel widget widget_wpa9-card-s panel-first-child panel-last-child\" data-index=\"3\" ><div\n\t\t\t\n\t\t\tclass=\"so-widget-wpa9-card-s so-widget-wpa9-card-s-default-c93e1481a745-7770\"\n\t\t\t\n\t\t><div class=\"wpa9-card wpa9-card-s narrow positive\">\n\n\t<div class=\"wpa9-card-wrapper container\">\n\n\t\t<div class=\"wpa9-card-text\">\n\t\t\t<h2 class=\"wpa9-card-title\">Avete bisogno di localizzazioni veloci e di alta qualit\u00e0?<\/h2>\n\t\t\t<div class=\"wpa9-card-content\"><p style=\"text-align: center\">Prepareremo un preventivo personalizzato per voi.<\/p>\n<\/div>\t\t<\/div>\n\n\t\t\t\t<div class=\"meta meta-buttons d-flex flex-row justify-content-center\">\n\t\t\t\t\t<a class=\"btn btn-negative show-inquiry-form\" href=\"https:\/\/skrivanek.com\/it\/richiesta\/\" title=\"Invio di una richiesta\">Invio di una richiesta<\/a>\n\t\t\t\t\t\t<\/div>\n\t\t\n\t<\/div>\n\n<\/div>\n<\/div><\/div><\/div><\/div><\/div><\/div>","protected":false},"excerpt":{"rendered":"<p>Localizzazione dei siti Web Per mantenere l\u2019interesse dei clienti \u00e8 importante effettuare aggiornamenti del sito Web e dotarlo di funzionalit\u00e0 multimediali pertinenti e attuali. Localizzazione delle funzionalit\u00e0 multimediali Ravvivare la vostra presenza online e i vostri prodotti con funzionalit\u00e0 multimediali \u00e8 spesso la chiave per interessare profondamente il pubblico e competere a livello globale. Combinazioni [&hellip;]<\/p>\n","protected":false},"author":10,"featured_media":0,"parent":0,"menu_order":0,"comment_status":"closed","ping_status":"open","template":"","meta":{"_acf_changed":false,"footnotes":""},"class_list":["post-7770","page","type-page","status-publish","hentry"],"acf":[],"aioseo_notices":[],"_links":{"self":[{"href":"https:\/\/skrivanek.com\/it\/wp-json\/wp\/v2\/pages\/7770","targetHints":{"allow":["GET"]}}],"collection":[{"href":"https:\/\/skrivanek.com\/it\/wp-json\/wp\/v2\/pages"}],"about":[{"href":"https:\/\/skrivanek.com\/it\/wp-json\/wp\/v2\/types\/page"}],"author":[{"embeddable":true,"href":"https:\/\/skrivanek.com\/it\/wp-json\/wp\/v2\/users\/10"}],"replies":[{"embeddable":true,"href":"https:\/\/skrivanek.com\/it\/wp-json\/wp\/v2\/comments?post=7770"}],"version-history":[{"count":3,"href":"https:\/\/skrivanek.com\/it\/wp-json\/wp\/v2\/pages\/7770\/revisions"}],"predecessor-version":[{"id":82992,"href":"https:\/\/skrivanek.com\/it\/wp-json\/wp\/v2\/pages\/7770\/revisions\/82992"}],"wp:attachment":[{"href":"https:\/\/skrivanek.com\/it\/wp-json\/wp\/v2\/media?parent=7770"}],"curies":[{"name":"wp","href":"https:\/\/api.w.org\/{rel}","templated":true}]}}