{"id":76652,"date":"2023-03-21T17:46:41","date_gmt":"2023-03-21T16:46:41","guid":{"rendered":"https:\/\/skrivanek.com\/?page_id=76652"},"modified":"2026-03-23T19:23:25","modified_gmt":"2026-03-23T18:23:25","slug":"enquete","status":"publish","type":"page","link":"https:\/\/skrivanek.com\/fr\/enquete\/","title":{"rendered":"Enqu\u00eate"},"content":{"rendered":"<div id=\"pl-76652\"  class=\"panel-layout\" ><div id=\"pg-76652-0\"  class=\"panel-grid panel-has-style\" ><div class=\"panel-row-padding-none panel-row-style panel-row-style-for-76652-0\" ><div id=\"pgc-76652-0-0\"  class=\"panel-grid-cell\" ><div id=\"panel-76652-0-0-0\" class=\"so-panel widget widget_wpforms-widget wpforms-widget panel-first-child panel-last-child\" data-index=\"0\" >\r\n<style type=\"text\/css\">\r\n\r\n\r\n\r\nbody #wpforms-91405 {\r\n\t\t\r\n\t\t\tfont-family:inherit;}\r\n\r\n\t\r\n\r\n\tbody #wpforms-91405 .wpforms-head-container {\r\n\t\tborder-width: 0px;}\r\n\r\n\tbody #wpforms-91405 .wpforms-head-container .wpforms-title {\r\n\t\t}\r\n\r\n\tbody #wpforms-91405 .wpforms-head-container .wpforms-description {\r\n\t\t\t\tdisplay:block;\r\n\t}\r\n\r\n\r\n\tbody #wpforms-91405 .wpforms-submit-container .wpforms-submit, body #wpforms-91405 .wpforms-field-pagebreak button.wpforms-page-button {\r\n\t\tcolor:#ffffff ;background-color:#ff643b ;border-width:0px ;border-style:solid ;border-radius:10px ;-web-border-radius:10px ;-moz-border-radius:10px ;\t\t\t}\r\n\r\n\tbody #wpforms-91405 .wpforms-submit-container .wpforms-submit:hover, body #wpforms-91405 .wpforms-field-pagebreak button.wpforms-page-button:hover {\r\n\tbackground-color:;\tcolor:;\t}\r\n\r\n\tbody #wpforms-91405 .wpforms-submit-container,\r\n\tbody #wpforms-91405 .wpforms-field-pagebreak .wpforms-pagebreak-left{\r\n\t\t}\r\n\r\n\r\n\tbody #wpforms-91405 .wpforms-form .wpforms-field input[type=text],\r\n\tbody #wpforms-91405 .wpforms-form .wpforms-field input[type=email],\r\n\tbody #wpforms-91405 .wpforms-form .wpforms-field input[type=tel],\r\n\tbody #wpforms-91405 .wpforms-form .wpforms-field input[type=url],\r\n\tbody #wpforms-91405 .wpforms-form .wpforms-field input[type=password],\r\n\tbody #wpforms-91405 .wpforms-form .wpforms-field input[type=number]\r\n\t{\r\n\t\tborder-width:1px ;border-style:solid ;\t\t\t}\r\n\r\n\tbody #wpforms-91405 .wpforms-form .wpforms-field .wpforms-field-row\r\n\t{\r\n\t\t\t}\r\n\r\n\tbody #wpforms-91405 .wpforms-form .wpforms-field-layout.wpforms-field input[type=text],\r\n\tbody #wpforms-91405 .wpforms-form .wpforms-field-layout.wpforms-field input[type=email],\r\n\tbody #wpforms-91405 .wpforms-form .wpforms-field-layout.wpforms-field input[type=tel],\r\n\tbody #wpforms-91405 .wpforms-form .wpforms-field-layout.wpforms-field input[type=url],\r\n\tbody #wpforms-91405 .wpforms-form .wpforms-field-layout.wpforms-field input[type=password],\r\n\tbody #wpforms-91405 .wpforms-form .wpforms-field-layout.wpforms-field input[type=number]{\r\n\t\twidth: 100%;\r\n\t}\r\n\r\n\tbody #wpforms-91405 .wpforms-form .wpforms-field .wpforms-field-row input[type=text]{\r\n\t\twidth: 100%;\r\n\t}\r\n\r\n\r\n\r\n\t#wpforms-91405 .wpforms-form .wpforms-field-layout-rows,\r\n\t#wpforms-91405 .wpforms-form .wpforms-field-layout-columns{\r\n\t\t\t}\r\n\r\n\r\n\r\n\tbody #wpforms-91405 .wpforms-form .wpforms-field textarea {\r\n\t\t\t\t\tborder-width: 1px;\t}\r\n\r\n \r\n\r\n\tbody #wpforms-91405 .wpforms-form .wpforms-field select {\r\n\r\n\t\t\r\n\t\tborder-width: 1px;\t}\r\n\r\n\t\/* dropdown styles on modern background *\/\r\n\tbody #wpforms-91405 .wpforms-form .wpforms-field-select-style-modern .choices__inner{\r\n\t\t\t\t\r\n\t}\r\n\r\n\t\/* background color on modern dropdown *\/\r\n\t\r\n \r\n\tbody #wpforms-91405 .wpforms-form .wpforms-field-radio li label,\r\n\tbody #wpforms-91405 .wpforms-form .wpforms-field-payment-multiple li label {\r\n\t\t\t}\r\n \r\n\tbody #wpforms-91405 .wpforms-form .wpforms-field-checkbox li label {\r\n\t\t\t}\r\n \r\n\tbody #wpforms-91405 .wpforms-form .wpforms-field .wpforms-field-description {\r\n\r\n\t\t\t}\r\n\r\n \r\n\tbody #wpforms-91405 .wpforms-form .wpforms-field label.wpforms-field-label,\r\n\tbody #wpforms-91405 .wpforms-form .wpforms-field .wpforms-field-label {\r\n\t\tfont-weight: bold;\t}\r\n\r\n\r\n \r\n\tbody #wpforms-confirmation-91405  {\r\n\r\n\t\t\t\tborder-width: 1px;\t}\r\n\r\n\tbody #wpforms-confirmation-91405 p{\r\n\t\ttext-transform: uppercase;\r\n\t\ttext-decoration: underline;\r\n\t\tcolor: inherit;\r\n\t}\r\n\r\n \r\n\tbody #wpforms-91405 label.wpforms-error,\r\n\tbody #wpforms-91405 .wpforms-error[role=\"alert\"] {\r\n\t\t\r\n\t\t\t\tborder-width: 1px;\t}\r\n\/* Styling for Tablets *\/\r\n@media only screen and (max-width: 800px) and (min-width:481px) {\r\n\t\r\n\r\n\r\n\r\n}\r\n\r\n@media only screen and (max-width: 480px){\r\n\t\r\n\r\n\r\n\r\n}\r\n\/*Option to add custom CSS *\/\r\n\r\n\r\n\r\n\t\t<\/style>\r\n\t\t<div class=\"wpforms-container wpforms-container-full wpforms-render-modern\" id=\"wpforms-91405\"><form id=\"wpforms-form-91405\" class=\"wpforms-validate wpforms-form wpforms-ajax-form\" data-formid=\"91405\" method=\"post\" enctype=\"multipart\/form-data\" action=\"\/fr\/wp-json\/wp\/v2\/pages\/76652?wpforms_form_id=91405\" data-token=\"72749ebbce1c02de8d7ffb1cbd7f51bb\" data-token-time=\"1775239218\"><noscript class=\"wpforms-error-noscript\">Veuillez activer JavaScript dans votre navigateur pour remplir ce formulaire.<\/noscript><div id=\"wpforms-error-noscript\" style=\"display: none;\">Veuillez activer JavaScript dans votre navigateur pour remplir ce formulaire.<\/div><div class=\"wpforms-field-container\"><div id=\"wpforms-91405-field_7-container\" class=\"wpforms-field wpforms-field-layout\" data-field-id=\"7\"><div class=\"wpforms-field-layout-rows wpforms-field-large\"><div class=\"wpforms-layout-row\"><div class=\"wpforms-layout-column wpforms-layout-column-50\"><div id=\"wpforms-91405-field_2-container\" class=\"wpforms-field wpforms-field-name\" data-field-id=\"2\"><label class=\"wpforms-field-label\" for=\"wpforms-91405-field_2\">Votre nom <span class=\"wpforms-required-label\" aria-hidden=\"true\">*<\/span><\/label><input type=\"text\" id=\"wpforms-91405-field_2\" class=\"wpforms-field-medium wpforms-field-required\" name=\"wpforms[fields][2]\" aria-errormessage=\"wpforms-91405-field_2-error\" required><\/div><\/div><div class=\"wpforms-layout-column wpforms-layout-column-50\"><div id=\"wpforms-91405-field_1-container\" class=\"wpforms-field wpforms-field-text\" data-field-id=\"1\"><label class=\"wpforms-field-label\" for=\"wpforms-91405-field_1\">Nom de l&#039;entreprise<\/label><input type=\"text\" id=\"wpforms-91405-field_1\" class=\"wpforms-field-medium\" name=\"wpforms[fields][1]\" aria-errormessage=\"wpforms-91405-field_1-error\" ><\/div><\/div><\/div><div class=\"wpforms-layout-row\"><div class=\"wpforms-layout-column wpforms-layout-column-50\"><div id=\"wpforms-91405-field_5-container\" class=\"wpforms-field wpforms-field-email\" data-field-id=\"5\"><label class=\"wpforms-field-label\" for=\"wpforms-91405-field_5\">Adresse e-mail <span class=\"wpforms-required-label\" aria-hidden=\"true\">*<\/span><\/label><input type=\"email\" id=\"wpforms-91405-field_5\" class=\"wpforms-field-medium wpforms-field-required\" name=\"wpforms[fields][5]\" spellcheck=\"false\" aria-errormessage=\"wpforms-91405-field_5-error\" required><\/div><\/div><div class=\"wpforms-layout-column wpforms-layout-column-50\"><div id=\"wpforms-91405-field_6-container\" class=\"wpforms-field wpforms-field-phone\" data-field-id=\"6\"><label class=\"wpforms-field-label\" for=\"wpforms-91405-field_6\">Num\u00e9ro de t\u00e9l\u00e9phone<\/label><input type=\"tel\" id=\"wpforms-91405-field_6\" class=\"wpforms-field-medium wpforms-smart-phone-field\" data-rule-smart-phone-field=\"true\" name=\"wpforms[fields][6]\" aria-label=\"Num\u00e9ro de t\u00e9l\u00e9phone\" aria-errormessage=\"wpforms-91405-field_6-error\" ><\/div><\/div><\/div><div class=\"wpforms-layout-row\"><div class=\"wpforms-layout-column wpforms-layout-column-50\"><div id=\"wpforms-91405-field_3-container\" class=\"wpforms-field wpforms-field-textarea\" data-field-id=\"3\"><label class=\"wpforms-field-label\" for=\"wpforms-91405-field_3\">D\u00e9tails de la demande<\/label><textarea id=\"wpforms-91405-field_3\" class=\"wpforms-field-medium\" name=\"wpforms[fields][3]\" aria-errormessage=\"wpforms-91405-field_3-error\" ><\/textarea><\/div><\/div><div class=\"wpforms-layout-column wpforms-layout-column-50\"><div id=\"wpforms-91405-field_10-container\" class=\"wpforms-field wpforms-field-file-upload\" data-field-id=\"10\"><label class=\"wpforms-field-label\" for=\"wpforms-91405-field_10\">Chargement de fichiers<\/label><div\n\t\tclass=\"wpforms-uploader \"\n\t\tdata-field-id=\"10\"\n\t\tdata-form-id=\"91405\"\n\t\tdata-input-name=\"wpforms_91405_10\"\n\t\tdata-extensions=\"jpg,jpeg,jpe,gif,png,bmp,tiff,tif,webp,avif,ico,heic,heif,heics,heifs,asf,asx,wmv,wmx,wm,avi,divx,mov,qt,mpeg,mpg,mpe,mp4,m4v,ogv,webm,mkv,3gp,3gpp,3g2,3gp2,txt,asc,c,cc,h,srt,csv,tsv,ics,rtx,css,vtt,mp3,m4a,m4b,aac,ra,ram,wav,x-wav,ogg,oga,flac,mid,midi,wma,wax,mka,rtf,pdf,class,tar,zip,gz,gzip,rar,7z,psd,xcf,doc,pot,pps,ppt,wri,xla,xls,xlt,xlw,mpp,docx,docm,dotx,dotm,xlsx,xlsm,xlsb,xltx,xltm,xlam,pptx,pptm,ppsx,ppsm,potx,potm,ppam,sldx,sldm,onetoc,onetoc2,onepkg,oxps,xps,odt,odp,ods,odg,odc,odb,odf,wp,wpd,key,numbers,pages,svg\"\n\t\tdata-max-size=\"33554432\"\n\t\tdata-max-file-number=\"10\"\n\t\tdata-post-max-size=\"33554432\"\n\t\tdata-max-parallel-uploads=\"4\"\n\t\tdata-parallel-uploads=\"true\"\n\t\tdata-file-chunk-size=\"2097152\">\n\t<div class=\"dz-message\">\n\t\t<svg  viewBox=\"0 0 640 640\" focusable=\"false\" data-icon=\"inbox\" width=\"50px\" height=\"50px\" fill=\"currentColor\" aria-hidden=\"true\">\n\t\t\t<path d=\"M352 173.3L352 384C352 401.7 337.7 416 320 416C302.3 416 288 401.7 288 384L288 173.3L246.6 214.7C234.1 227.2 213.8 227.2 201.3 214.7C188.8 202.2 188.8 181.9 201.3 169.4L297.3 73.4C309.8 60.9 330.1 60.9 342.6 73.4L438.6 169.4C451.1 181.9 451.1 202.2 438.6 214.7C426.1 227.2 405.8 227.2 393.3 214.7L352 173.3zM320 464C364.2 464 400 428.2 400 384L480 384C515.3 384 544 412.7 544 448L544 480C544 515.3 515.3 544 480 544L160 544C124.7 544 96 515.3 96 480L96 448C96 412.7 124.7 384 160 384L240 384C240 428.2 275.8 464 320 464zM464 488C477.3 488 488 477.3 488 464C488 450.7 477.3 440 464 440C450.7 440 440 450.7 440 464C440 477.3 450.7 488 464 488z\"\/>\n\t\t<\/svg>\n\n\t\t<span class=\"modern-title\">\n\t\t\t\t\t\t\tDrag &amp; Drop Files, \t\t\t\t<span>Choose Files to Upload<\/span>\n\t\t\t\t\t<\/span>\n\n\t\t\t\t\t<span class=\"modern-hint\">Vous pouvez t\u00e9l\u00e9verser jusqu\u2019\u00e0 10 fichiers.<\/span>\n\t\t\t<\/div>\n<\/div>\n\n<input\n\t\ttype=\"text\"\n\t\tautocomplete=\"off\"\n\t\treadonly\n\t\tclass=\"dropzone-input\"\n\t\tstyle=\"position:absolute!important;clip:rect(0,0,0,0)!important;height:1px!important;width:1px!important;border:0!important;overflow:hidden!important;padding:0!important;margin:0!important;\"\n\t\tid=\"wpforms-91405-field_10\"\n\t\tname=\"wpforms_91405_10\" \t\tvalue=\"\">\n<div id=\"wpforms-91405-field_10-description\" class=\"wpforms-field-description\">Types de fichiers accept\u00e9s\u00a0: txt, rtf, odf, pdf, doc, docx, ppt, pptx, xls, xlsx, xml, zip. Taille maximale des fichiers\u00a0: 32\u00a0Mo. Nombre maximal de fichiers\u00a0: 10.<\/div><\/div><\/div><\/div><\/div><\/div><div id=\"wpforms-91405-field_9-container\" class=\"wpforms-field wpforms-field-html\" data-field-id=\"9\"><div id=\"wpforms-91405-field_9\" aria-errormessage=\"wpforms-91405-field_9-error\"><font size=\"2\">En cliquant sur \u00ab\u00a0Envoyer\u00a0\u00bb, vous acceptez que les <a href=\"\/wp-content\/uploads\/2021\/03\/processing-and-protection-of-personal-data-in-skrivanek-0.pdf\" title=\"Processing and Protection of personal data\" target=\"_blank\">donn\u00e9es \u00e0 caract\u00e8re personnel soient trait\u00e9es et prot\u00e9g\u00e9es<\/a> par Skrivanek.<\/font><\/div><\/div>\t\t<div id=\"wpforms-91405-field_4-container\"\n\t\t\tclass=\"wpforms-field wpforms-field-text\"\n\t\t\tdata-field-type=\"text\"\n\t\t\tdata-field-id=\"4\"\n\t\t\t>\n\t\t\t<label class=\"wpforms-field-label\" for=\"wpforms-91405-field_4\" >Group Chargement Landing<\/label>\n\t\t\t<input type=\"text\" id=\"wpforms-91405-field_4\" class=\"wpforms-field-medium\" name=\"wpforms[fields][4]\" >\n\t\t<\/div>\n\t\t<div id=\"wpforms-91405-field_11-container\" class=\"wpforms-field wpforms-field-hidden\" data-field-id=\"11\"><input type=\"hidden\" id=\"wpforms-91405-field_11\" name=\"wpforms[fields][11]\" value=\"[channel]\"><\/div><div id=\"wpforms-91405-field_12-container\" class=\"wpforms-field wpforms-field-hidden\" data-field-id=\"12\"><input type=\"hidden\" id=\"wpforms-91405-field_12\" name=\"wpforms[fields][12]\" value=\"[channeldrilldown1]\"><\/div><div id=\"wpforms-91405-field_13-container\" class=\"wpforms-field wpforms-field-hidden\" data-field-id=\"13\"><input type=\"hidden\" id=\"wpforms-91405-field_13\" name=\"wpforms[fields][13]\" value=\"[channeldrilldown2]\"><\/div><div id=\"wpforms-91405-field_14-container\" class=\"wpforms-field wpforms-field-hidden\" data-field-id=\"14\"><input type=\"hidden\" id=\"wpforms-91405-field_14\" name=\"wpforms[fields][14]\" value=\"[channeldrilldown3]\"><\/div><div id=\"wpforms-91405-field_15-container\" class=\"wpforms-field wpforms-field-hidden\" data-field-id=\"15\"><input type=\"hidden\" id=\"wpforms-91405-field_15\" name=\"wpforms[fields][15]\" value=\"[landingpage]\"><\/div><div id=\"wpforms-91405-field_16-container\" class=\"wpforms-field wpforms-field-hidden\" data-field-id=\"16\"><input type=\"hidden\" id=\"wpforms-91405-field_16\" name=\"wpforms[fields][16]\" value=\"[landingpagegroup]\"><\/div><script>\n\t\t\t\t( function() {\n\t\t\t\t\tconst style = document.createElement( 'style' );\n\t\t\t\t\tstyle.appendChild( document.createTextNode( '#wpforms-91405-field_4-container { position: absolute !important; overflow: hidden !important; display: inline !important; height: 1px !important; width: 1px !important; z-index: -1000 !important; padding: 0 !important; } #wpforms-91405-field_4-container input { visibility: hidden; } #wpforms-conversational-form-page #wpforms-91405-field_4-container label { counter-increment: none; }' ) );\n\t\t\t\t\tdocument.head.appendChild( style );\n\t\t\t\t\tdocument.currentScript?.remove();\n\t\t\t\t} )();\n\t\t\t<\/script><\/div><!-- .wpforms-field-container --><div class=\"wpforms-recaptcha-container wpforms-is-recaptcha wpforms-is-recaptcha-type-v3\" ><input type=\"hidden\" name=\"wpforms[recaptcha]\" value=\"\"><\/div><div class=\"wpforms-submit-container\" ><input type=\"hidden\" name=\"wpforms[id]\" value=\"91405\"><input type=\"hidden\" name=\"page_title\" value=\"\"><input type=\"hidden\" name=\"page_url\" value=\"https:\/\/skrivanek.com\/fr\/wp-json\/wp\/v2\/pages\/76652\"><input type=\"hidden\" name=\"url_referer\" value=\"\"><button type=\"submit\" name=\"wpforms[submit]\" id=\"wpforms-submit-91405\" class=\"wpforms-submit\" data-alt-text=\"Envoi en cours...\" data-submit-text=\"Envoyer\" aria-live=\"assertive\" value=\"wpforms-submit\">Envoyer<\/button><img loading=\"lazy\" decoding=\"async\" src=\"https:\/\/skrivanek.com\/wp-content\/plugins\/wpforms\/assets\/images\/submit-spin.svg\" class=\"wpforms-submit-spinner\" style=\"display: none;\" width=\"26\" height=\"26\" alt=\"Chargement en cours\"><\/div><\/form><\/div>  <!-- .wpforms-container --><\/div><\/div><div id=\"pgc-76652-0-1\"  class=\"panel-grid-cell\" ><div id=\"panel-76652-0-1-0\" class=\"so-panel widget widget_wpa9-editor-ext panel-first-child panel-last-child\" data-index=\"1\" ><div\n\t\t\t\n\t\t\tclass=\"so-widget-wpa9-editor-ext so-widget-wpa9-editor-ext-default-c93e1481a745-76652\"\n\t\t\t\n\t\t>\n<div class=\"siteorigin-widget-tinymce textwidget\">\n\t<h2 style=\"text-align: center;\">Nous sommes l\u00e0 pour vous !<\/h2>\n<p style=\"text-align: center;\"><span style=\"font-size: 20px;\"><a href=\"tel:+420 605 235 691\">+420 739 391 791<\/a><\/span><\/p>\n<p style=\"text-align: center;\"><span style=\"font-size: 20px;\"><a href=\"javascript:secureDecryptAndNavigate('4RaY0a4Lq6iMLktzW+sUlLJ5XPkzC0Kjh5UV7YrLfHlvPYwTaHYw9hYnkyeslpxS+2wqCiE+m3DsXahfHhKvya1Hhs5iqOGAwA==', '8ef3823ead979c912c60400ff5750fa08e30fc6822ef89ee0c2de248ae43e51e')\">&#105;&#110;&#102;o&#64;sk&#114;&#105;&#118;&#97;n&#101;k.&#99;o&#109;<\/a><\/span><\/p>\n<p><img loading=\"lazy\" decoding=\"async\" class=\"aligncenter wp-image-91443\" src=\"https:\/\/skrivanek.com\/wp-content\/uploads\/2025\/04\/iso-certification-smaller.jpg\" alt=\"iso certification\" width=\"300\" height=\"150\" \/><\/p>\n<p><img alt=\"obrazek1\" loading=\"lazy\" decoding=\"async\" class=\"aligncenter wp-image-91041\" src=\"https:\/\/skrivanek.com\/wp-content\/uploads\/2025\/03\/obrazek1.jpg\" alt=\"\" width=\"400\" height=\"119\" \/><\/p>\n<h3 style=\"text-align: center;\">Nos clients satisfaits<\/h3>\n<div class=\"columns columns-2\" data-columns=\"2\">\n<div class=\"column column-1\">\n<p><img decoding=\"async\" class=\"aligncenter wp-image-86648\" src=\"https:\/\/skrivanek.com\/wp-content\/uploads\/2024\/05\/honeywell.svg\" alt=\"honeywell\" width=\"150\" \/><\/p>\n<\/div>\n<div class=\"column column-2\">\n<p><img alt=\"ref-european-commission\" decoding=\"async\" class=\"aligncenter wp-image-86643\" src=\"https:\/\/skrivanek.com\/wp-content\/uploads\/2024\/05\/ref-european-commission.svg\" alt=\"\" width=\"150\" \/><\/p>\n<\/div>\n<\/div>\n<div class=\"columns columns-2\" data-columns=\"2\">\n<div class=\"column column-1\">\n<p><img decoding=\"async\" class=\"aligncenter wp-image-86654\" src=\"https:\/\/skrivanek.com\/wp-content\/uploads\/2024\/05\/ge-healthcare.svg\" alt=\"GE healthcare medical translations\" width=\"150\" \/><\/p>\n<\/div>\n<div class=\"column column-2\">\n<p><img decoding=\"async\" class=\"aligncenter wp-image-88918\" src=\"https:\/\/skrivanek.com\/wp-content\/uploads\/2024\/06\/essox.svg\" alt=\"essox\" width=\"150\" \/><\/p>\n<\/div>\n<\/div>\n<div class=\"columns columns-2\" data-columns=\"2\">\n<div class=\"column column-1\">\n<p><img alt=\"continental\" decoding=\"async\" class=\"aligncenter wp-image-90734\" src=\"https:\/\/skrivanek.com\/wp-content\/uploads\/2025\/02\/continental.svg\" alt=\"\" width=\"150\" \/><\/p>\n<\/div>\n<div class=\"column column-2\">\n<p><img alt=\"benteler\" decoding=\"async\" class=\"aligncenter wp-image-90729\" src=\"https:\/\/skrivanek.com\/wp-content\/uploads\/2025\/02\/benteler.svg\" alt=\"\" width=\"150\" \/><\/p>\n<\/div>\n<\/div>\n<p>&nbsp;<\/p>\n<\/div>\n<\/div><\/div><\/div><\/div><\/div><\/div>","protected":false},"excerpt":{"rendered":"<p>Veuillez activer JavaScript dans votre navigateur pour remplir ce formulaire.Veuillez activer JavaScript dans votre navigateur pour remplir ce formulaire.Votre nom *Nom de l&#039;entrepriseAdresse e-mail *Num\u00e9ro de t\u00e9l\u00e9phoneD\u00e9tails de la demandeChargement de fichiers Drag &amp; Drop Files, Choose Files to Upload Vous pouvez t\u00e9l\u00e9verser jusqu\u2019\u00e0 10 fichiers. Types de fichiers accept\u00e9s\u00a0: txt, rtf, odf, pdf, doc, [&hellip;]<\/p>\n","protected":false},"author":1,"featured_media":0,"parent":0,"menu_order":0,"comment_status":"closed","ping_status":"open","template":"","meta":{"_acf_changed":false,"footnotes":""},"class_list":["post-76652","page","type-page","status-publish","hentry"],"acf":[],"aioseo_notices":[],"_links":{"self":[{"href":"https:\/\/skrivanek.com\/fr\/wp-json\/wp\/v2\/pages\/76652","targetHints":{"allow":["GET"]}}],"collection":[{"href":"https:\/\/skrivanek.com\/fr\/wp-json\/wp\/v2\/pages"}],"about":[{"href":"https:\/\/skrivanek.com\/fr\/wp-json\/wp\/v2\/types\/page"}],"author":[{"embeddable":true,"href":"https:\/\/skrivanek.com\/fr\/wp-json\/wp\/v2\/users\/1"}],"replies":[{"embeddable":true,"href":"https:\/\/skrivanek.com\/fr\/wp-json\/wp\/v2\/comments?post=76652"}],"version-history":[{"count":3,"href":"https:\/\/skrivanek.com\/fr\/wp-json\/wp\/v2\/pages\/76652\/revisions"}],"predecessor-version":[{"id":93257,"href":"https:\/\/skrivanek.com\/fr\/wp-json\/wp\/v2\/pages\/76652\/revisions\/93257"}],"wp:attachment":[{"href":"https:\/\/skrivanek.com\/fr\/wp-json\/wp\/v2\/media?parent=76652"}],"curies":[{"name":"wp","href":"https:\/\/api.w.org\/{rel}","templated":true}]}}