{"id":7382,"date":"2021-07-20T17:30:50","date_gmt":"2021-07-20T15:30:50","guid":{"rendered":"https:\/\/skrivanek.com\/localisation\/test-de-logiciel\/"},"modified":"2024-05-30T09:41:33","modified_gmt":"2024-05-30T07:41:33","slug":"test-de-logiciel","status":"publish","type":"page","link":"https:\/\/skrivanek.com\/fr\/localisation\/test-de-logiciel\/","title":{"rendered":"Test de logiciel"},"content":{"rendered":"<div id=\"pl-7382\"  class=\"panel-layout\" ><div id=\"pg-7382-0\"  class=\"panel-grid panel-no-style\" ><div id=\"pgc-7382-0-0\"  class=\"panel-grid-cell\" ><div id=\"panel-7382-0-0-0\" class=\"so-panel widget widget_wpa9-editor-ext panel-first-child panel-last-child\" data-index=\"0\" ><div\n\t\t\t\n\t\t\tclass=\"so-widget-wpa9-editor-ext so-widget-wpa9-editor-ext-default-c93e1481a745-7382\"\n\t\t\t\n\t\t>\n<div class=\"siteorigin-widget-tinymce textwidget\">\n\t<div class=\"grey-box-section var-extramt\">\n<div class=\"section-wrapper var-wide\">\n<div class=\"grey-box-section__border\">\n<p><strong><span class=\"innerText\">Nos clients satis<\/span><span class=\"innerText\">fait<\/span><span class=\"innerText\">s\u00a0:<\/span><\/strong><\/p>\n<p><img alt=\"loc-ref\" loading=\"lazy\" decoding=\"async\" class=\"wp-image-5507 alignleft\" src=\"https:\/\/skrivanek.com\/wp-content\/uploads\/2021\/03\/loc-ref.png\" alt=\"\" width=\"925\" height=\"79\" \/><\/p>\n<\/div>\n<\/div>\n<\/div>\n<\/div>\n<\/div><\/div><\/div><\/div><div id=\"pg-7382-1\"  class=\"panel-grid panel-has-style\" ><div class=\"siteorigin-panels-stretch panel-row-style panel-row-style-for-7382-1\" data-stretch-type=\"full\" ><div id=\"pgc-7382-1-0\"  class=\"panel-grid-cell\" ><div id=\"panel-7382-1-0-0\" class=\"so-panel widget widget_wpa9-card-l panel-first-child panel-last-child\" data-index=\"1\" ><div\n\t\t\t\n\t\t\tclass=\"so-widget-wpa9-card-l so-widget-wpa9-card-l-default-c93e1481a745-7382\"\n\t\t\t\n\t\t>\n\n<div class=\"wpa9-card wpa9-card-l-container d-flex flex-wrap wpa9-columns-2\">\n\n\t\n\t\t\n\t<div class=\"wpa9-card-l-panel wpa9-panel shadow rounded d-flex flex-column justify-content-between\">\n\n\t\t<div>\n\t\t\t\t\t\t\t<span class=\"wpa9-panel-icon icon\" style=\"display: none; background-image: url('https:\/\/skrivanek.com\/wp-content\/uploads\/2021\/03\/ico-online-vyuka.svg')\"><\/span>\n\t\t\t<span class=\"wpa9-panel-icon icon\" style=\"mask-image: url(https:\/\/skrivanek.com\/wp-content\/uploads\/2021\/03\/ico-online-vyuka.svg); -webkit-mask-image: url(https:\/\/skrivanek.com\/wp-content\/uploads\/2021\/03\/ico-online-vyuka.svg);\"><\/span>\n\t\t\n\t\t\t\t\t\t\t\t<h2 class=\"wpa9-panel-title\">Test de logiciel<\/h2>\n\t\t\n\t\t\t\t\t\t\t<div class=\"wpa9-panel-content\"><p>Nous cr\u00e9erons la parfaite traduction linguistique pour vous, ce qui inclut de tester le bon fonctionnement de votre application localis\u00e9e. Votre entreprise conna\u00eetra un franc succ\u00e8s sur les march\u00e9s \u00e9trangers. Nous adaptons le contenu \u00e0 la langue, aux normes juridiques et aux coutumes locales\u00a0!<\/p>\n<\/div>\n\t\t\t\t<\/div>\n\n\t\t\t\t<div class=\"meta meta-buttons d-flex flex-column flex-sm-row justify-content-center\">\n\t\t\t\t\t<a class=\"btn btn-negative show-inquiry-form\" href=\"https:\/\/skrivanek.com\/fr\/enquete\/\" title=\"Envoyer une demande\">Envoyer une demande<\/a>\n\t\t\t\t\t\t<\/div>\n\t\t\n\t<\/div>\n\n\t\t\n\t<div class=\"wpa9-card-l-panel wpa9-panel shadow rounded d-flex flex-column justify-content-between\">\n\n\t\t<div>\n\t\t\t\t\t\t\t<span class=\"wpa9-panel-icon icon\" style=\"display: none; background-image: url('https:\/\/skrivanek.com\/wp-content\/uploads\/2021\/03\/ico-info.svg')\"><\/span>\n\t\t\t<span class=\"wpa9-panel-icon icon\" style=\"mask-image: url(https:\/\/skrivanek.com\/wp-content\/uploads\/2021\/03\/ico-info.svg); -webkit-mask-image: url(https:\/\/skrivanek.com\/wp-content\/uploads\/2021\/03\/ico-info.svg);\"><\/span>\n\t\t\n\t\t\t\t\t\t\t\t<h2 class=\"wpa9-panel-title\">Nos services de test de logiciel incluent\u00a0:<\/h2>\n\t\t\n\t\t\t\t\t\t\t<div class=\"wpa9-panel-content\"><p>Le test de la <a href=\"https:\/\/skrivanek.com\/fr\/localisation\/localisation-de-logiciel\/\">localisation<\/a> est un processus complexe et essentiel. Skrivanek est un expert de confiance dans ce domaine et nous connaissons les d\u00e9tails cl\u00e9s qui doivent \u00eatre \u00e9tudi\u00e9s minutieusement pour garantir la coh\u00e9rence\u00a0:<\/p>\n<ul>\n<li>Compl\u00e9tude du produit localis\u00e9<\/li>\n<li>Exactitude et coh\u00e9rence de l\u2019interface utilisateur localis\u00e9e<\/li>\n<li>Apparence appropri\u00e9e en pr\u00eatant attention aux coupures de mots, caract\u00e8res sp\u00e9ciaux et formats<\/li>\n<li>Bon fonctionnement de la version localis\u00e9e parmi la grande vari\u00e9t\u00e9 de langues, de syst\u00e8mes d\u2019exploitation, de navigateurs et de plateformes<\/li>\n<\/ul>\n<\/div>\n\t\t\t\t<\/div>\n\n\t\t\t\t<div class=\"meta meta-buttons d-flex flex-column flex-sm-row justify-content-center\">\n\t\t\t\t\t<a class=\"btn btn-negative \" href=\"\/fr\/contact\/\" title=\"Nous contacter\">Nous contacter<\/a>\n\t\t\t\t\t\t<\/div>\n\t\t\n\t<\/div>\n\n\t\t\n\t\n<\/div>\n<\/div><\/div><\/div><\/div><\/div><div id=\"pg-7382-2\"  class=\"panel-grid panel-no-style\" ><div id=\"pgc-7382-2-0\"  class=\"panel-grid-cell\" ><div id=\"panel-7382-2-0-0\" class=\"so-panel widget widget_wpa9-card-s panel-first-child panel-last-child\" data-index=\"2\" ><div\n\t\t\t\n\t\t\tclass=\"so-widget-wpa9-card-s so-widget-wpa9-card-s-default-c93e1481a745-7382\"\n\t\t\t\n\t\t><div class=\"wpa9-card wpa9-card-s narrow positive\">\n\n\t<div class=\"wpa9-card-wrapper container\">\n\n\t\t<div class=\"wpa9-card-text\">\n\t\t\t<h2 class=\"wpa9-card-title\">Vous recherchez des services de haute qualit\u00e9 pour tester votre logiciel\u00a0?<\/h2>\n\t\t\t<div class=\"wpa9-card-content\"><p style=\"text-align: center\">Nous \u00e9tablirons un devis personnalis\u00e9 pour vous.<\/p>\n<\/div>\t\t<\/div>\n\n\t\t\t\t<div class=\"meta meta-buttons d-flex flex-row justify-content-center\">\n\t\t\t\t\t\t\t<a class=\"btn btn-negative show-inquiry-form\" href=\"https:\/\/skrivanek.com\/fr\/enquete\/\" title=\"Envoyer une demande\">Envoyer une demande<\/a>\n\t\t\t\t<\/div>\n\t\t\n\t<\/div>\n\n<\/div>\n<\/div><\/div><\/div><\/div><\/div>","protected":false},"excerpt":{"rendered":"<p>Nos clients satisfaits\u00a0: Test de logiciel Nous cr\u00e9erons la parfaite traduction linguistique pour vous, ce qui inclut de tester le bon fonctionnement de votre application localis\u00e9e. Votre entreprise conna\u00eetra un franc succ\u00e8s sur les march\u00e9s \u00e9trangers. Nous adaptons le contenu \u00e0 la langue, aux normes juridiques et aux coutumes locales\u00a0! Envoyer une demande Nos services [&hellip;]<\/p>\n","protected":false},"author":10,"featured_media":0,"parent":7368,"menu_order":0,"comment_status":"closed","ping_status":"open","template":"","meta":{"_acf_changed":false,"footnotes":""},"class_list":["post-7382","page","type-page","status-publish","hentry"],"acf":[],"aioseo_notices":[],"_links":{"self":[{"href":"https:\/\/skrivanek.com\/fr\/wp-json\/wp\/v2\/pages\/7382","targetHints":{"allow":["GET"]}}],"collection":[{"href":"https:\/\/skrivanek.com\/fr\/wp-json\/wp\/v2\/pages"}],"about":[{"href":"https:\/\/skrivanek.com\/fr\/wp-json\/wp\/v2\/types\/page"}],"author":[{"embeddable":true,"href":"https:\/\/skrivanek.com\/fr\/wp-json\/wp\/v2\/users\/10"}],"replies":[{"embeddable":true,"href":"https:\/\/skrivanek.com\/fr\/wp-json\/wp\/v2\/comments?post=7382"}],"version-history":[{"count":3,"href":"https:\/\/skrivanek.com\/fr\/wp-json\/wp\/v2\/pages\/7382\/revisions"}],"predecessor-version":[{"id":87521,"href":"https:\/\/skrivanek.com\/fr\/wp-json\/wp\/v2\/pages\/7382\/revisions\/87521"}],"up":[{"embeddable":true,"href":"https:\/\/skrivanek.com\/fr\/wp-json\/wp\/v2\/pages\/7368"}],"wp:attachment":[{"href":"https:\/\/skrivanek.com\/fr\/wp-json\/wp\/v2\/media?parent=7382"}],"curies":[{"name":"wp","href":"https:\/\/api.w.org\/{rel}","templated":true}]}}