{"id":7330,"date":"2021-07-20T17:30:46","date_gmt":"2021-07-20T15:30:46","guid":{"rendered":"https:\/\/skrivanek.com\/declaration-concernant-lutilisation-des-cookies\/"},"modified":"2026-03-23T19:09:57","modified_gmt":"2026-03-23T18:09:57","slug":"declaration-concernant-lutilisation-des-cookies","status":"publish","type":"page","link":"https:\/\/skrivanek.com\/fr\/declaration-concernant-lutilisation-des-cookies\/","title":{"rendered":"D\u00e9claration concernant l\u2019utilisation des cookies"},"content":{"rendered":"<div id=\"pl-7330\"  class=\"panel-layout\" ><div id=\"pg-7330-0\"  class=\"panel-grid panel-no-style\" ><div id=\"pgc-7330-0-0\"  class=\"panel-grid-cell\" ><div id=\"panel-7330-0-0-0\" class=\"so-panel widget widget_wpa9-editor-ext panel-first-child panel-last-child\" data-index=\"0\" ><div\n\t\t\t\n\t\t\tclass=\"so-widget-wpa9-editor-ext so-widget-wpa9-editor-ext-default-c93e1481a745-7330\"\n\t\t\t\n\t\t>\n<div class=\"siteorigin-widget-tinymce textwidget\">\n\t<div class=\"box-header\">\n<h2 class=\"decorated-heading\"><span class=\"innerText\">Les cookies\u00a0: qu\u2019est-ce que c\u2019est\u00a0?<\/span><\/h2>\n<\/div>\n<div class=\"box-content\">\n<p>Ce sont de petits fichiers de donn\u00e9es qui sont essentiels \u00e0 certaines fonctions sur les sites\u00a0Web, notamment \u00e0 la connexion. Les cookies permettent aux sites\u00a0Web de m\u00e9moriser divers param\u00e8tres, comme la langue, la police et d\u2019autres options, que vous avez vous-m\u00eame choisis pour l\u2019affichage des pages\u00a0Web. C\u2019est pour cela que nous stockons des cookies sur votre ordinateur. Il en va de m\u00eame avec la plupart des sites\u00a0Web et prestataires de grande envergure.<\/p>\n<h3>Dans quel but utilisons-nous des cookies sur ce site\u00a0Web\u00a0?<\/h3>\n<p>Selon leur dur\u00e9e, les cookies peuvent \u00eatre class\u00e9s en deux types de base.<\/p>\n<ul>\n<li>Ceux \u00e0 court terme (les cookies de session) restent sur votre ordinateur jusqu\u2019\u00e0 ce que vous fermiez votre navigateur Internet; ils sont alors supprim\u00e9s.<\/li>\n<li>Ceux \u00e0 long terme (les cookies persistants) restent longtemps stock\u00e9s dans votre navigateur (en fonction de votre navigateur et de vos r\u00e9glages pour les cookies), ou jusqu\u2019\u00e0 ce que vous les supprimiez manuellement.<\/li>\n<\/ul>\n<p>Nous utilisons les types suivants de cookies sur notre site\u00a0Web\u00a0:<\/p>\n<ul>\n<li>Les cookies techniques (\u00e0 court terme) sont essentiels au bon fonctionnement des sites\u00a0Web, notamment pour l\u2019ajout de produits au panier, le traitement d\u2019un achat et l\u2019affichage de la version d\u2019un site\u00a0Web n\u00e9cessitant JavaScript ou ne l\u2019exigeant pas.<\/li>\n<li>Les cookies YouTube (\u00e0 court et long terme) sont utilis\u00e9s par le lecteur vid\u00e9o YouTube. Les cookies sont enregistr\u00e9s sur votre ordinateur lorsque vous ouvrez le lecteur.<\/li>\n<li>Les cookies Google Analytics (\u00e0 long terme) nous permettent de mieux adapter les sites\u00a0Web et nous les utilisons pour analyser les donn\u00e9es anonymes relatives au comportement des utilisateurs d\u2019outils Google Analytics.<\/li>\n<li>Les cookies AdWords (\u00e0 long terme) sont g\u00e9n\u00e9r\u00e9s par le syst\u00e8me publicitaire. Ces cookies permettent d\u2019\u00e9valuer l\u2019efficacit\u00e9 des canaux de ventes.<\/li>\n<li>Les cookies Sklik (\u00e0 long terme) sont g\u00e9n\u00e9r\u00e9s par le syst\u00e8me publicitaire. Ces cookies permettent d\u2019\u00e9valuer l\u2019efficacit\u00e9 des canaux de ventes.<\/li>\n<li>Les cookies Facebook (\u00e0 court et long terme) sont utilis\u00e9s par le widget de Facebook et sont stock\u00e9s sur les pages\u00a0Web Facebook.<\/li>\n<li>Les cookies Twitter (\u00e0 long terme) sont utilis\u00e9s par le widget de Twitter et sont stock\u00e9s sur les pages\u00a0Web Twitter.<\/li>\n<li>Les cookies MailChimp (\u00e0 court et long terme) sont g\u00e9n\u00e9r\u00e9s par l\u2019application Mailchimp. Ces cookies nous permettent d\u2019\u00e9valuer l\u2019efficacit\u00e9 du canal de publicit\u00e9.<\/li>\n<li>Les cookies Albacross (\u00e0 long terme) nQ_cookieId et nQ_visitId sont valables 1 an et nous permettent d\u2019identifier les entreprises pour une meilleure g\u00e9n\u00e9ration de pistes et un ciblage plus efficace de nos publicit\u00e9s.<\/li>\n<\/ul>\n<p>Nous n\u2019utilisons jamais les cookies pour vous identifier personnellement et nous n\u2019y int\u00e9grons jamais de donn\u00e9es sensibles ou personnelles.<\/p>\n<h3>M\u00e9thode pour modifier l\u2019utilisation des cookies<\/h3>\n<p>Vous pouvez supprimer tout cookie se trouvant d\u00e9j\u00e0 sur votre ordinateur. La plupart des navigateurs disposent \u00e9galement d\u2019une option permettant de bloquer le d\u00e9p\u00f4t de cookies sur votre ordinateur mais, dans ce cas, vous ne pourrez pas utiliser l\u2019ensemble de nos services en ligne. Sur le site\u00a0Web du fournisseur du navigateur Internet, vous trouverez des informations plus d\u00e9taill\u00e9es concernant les param\u00e8tres li\u00e9s aux cookies sur votre navigateur. Utilisez les liens suivants pour les navigateurs les plus courants\u00a0:<\/p>\n<ul>\n<li><a href=\"https:\/\/support.google.com\/accounts\/answer\/61416?hl=en\">Chrome<\/a><\/li>\n<li><a href=\"https:\/\/support.mozilla.org\/en-US\/kb\/cookies-information-websites-store-on-your-computer\">Firefox<\/a><\/li>\n<li><a href=\"https:\/\/support.microsoft.com\/en-us\/help\/17442\/windows-internet-explorer-delete-manage-cookies\">Internet\u00a0Explorer<\/a><\/li>\n<li><a href=\"https:\/\/www.opera.com\/help\/tutorials\/security\/privacy\/\">Opera<\/a><\/li>\n<li><a href=\"https:\/\/support.google.com\/chrome\/answer\/95647?co=GENIE.Platform%3DAndroid&hl=en-GB\">Android<\/a><\/li>\n<\/ul>\n<p>Vous trouverez plus d\u2019informations sur le site\u00a0Web <a href=\"https:\/\/www.aboutcookies.org\/\">AboutCookies.org<\/a>.<\/p>\n<h3>Utilisation de Google\u00a0Analytics<\/h3>\n<p>Ce site\u00a0Web utilise le service Google Analytics, fourni par Google, Inc. (ci-apr\u00e8s d\u00e9sign\u00e9e uniquement sous le nom \u00ab Google \u00bb). Le service Google Analytics utilise des cookies. Les informations relatives \u00e0 l\u2019utilisation du site\u00a0Web ainsi que le contenu de chaque cookie seront transf\u00e9r\u00e9es par Google et stock\u00e9es sur des serveurs situ\u00e9s aux \u00c9tats-Unis. Google utilisera ces informations dans le but d\u2019\u00e9valuer l\u2019utilisation du site\u00a0Web et de cr\u00e9er des rapports concernant son activit\u00e9, destin\u00e9s \u00e0 l\u2019op\u00e9rateur, mais aussi pour proposer des services suppl\u00e9mentaires en lien avec les activit\u00e9s sur le site\u00a0Web et l\u2019utilisation d\u2019Internet de mani\u00e8re g\u00e9n\u00e9rale. Google peut \u00e9galement transmettre ces informations \u00e0 des tiers, si tel est requis par la loi ou si ces tiers seront charg\u00e9s de traiter les informations pour Google.<\/p>\n<p>Pour prot\u00e9ger votre confidentialit\u00e9, nous avons modifi\u00e9 le service Google Analytics afin qu\u2019il n\u2019enregistre pas votre adresse<\/span>\u00a0<span class=\"caps\">IP.<\/p>\n<p>Le service Google\u00a0Analytics a \u00e9t\u00e9 \u00e9tendu de mani\u00e8re \u00e0 inclure des fonctions publicitaires connexes fournies par Google, \u00e0 savoir plus sp\u00e9cifiquement\u00a0:<\/p>\n<ul>\n<li>aper\u00e7us d\u2019affichages sur le r\u00e9seau publicitaire Google\u00a0;<\/li>\n<li>marketing de relance (affichage de publicit\u00e9s dans le r\u00e9seau de contenu selon les produits recherch\u00e9s)\u00a0;<\/li>\n<li>aper\u00e7us d\u00e9mographiques \u00e9tendus (fournissant des rapports sur les donn\u00e9es d\u00e9mographiques anonymes).<\/li>\n<\/ul>\n<p>Dans les <a href=\"https:\/\/www.google.com\/intl\/en\/policies\/privacy\/partners\/\">Conditions g\u00e9n\u00e9rales contractuelles de Google<\/a>, vous trouverez de plus amples informations concernant le traitement et l\u2019utilisation des donn\u00e9es.<\/p>\n<h3>M\u00e9thode pour interdire le suivi avec Google Analytics<\/h3>\n<p>Si vous souhaitez bloquer l\u2019envoi de statistiques anonymes via Google Analytics, vous pouvez utiliser un <a href=\"https:\/\/tools.google.com\/dlpage\/gaoptout\">plug-in<\/a> fourni par Google \u00e0 cette fin. Ce plug-in devra \u00eatre t\u00e9l\u00e9charg\u00e9 et install\u00e9 sur votre navigateur.<\/p>\n<h3>Informations relatives au consentement au traitement par Albacross des donn\u00e9es personnelles<\/h3>\n<p>Nous recueillons votre consentement pour le traitement de donn\u00e9es personnelles au nom d\u2019Albacross Nordic\u00a0<span class=\"caps\">AB<\/span>\u00a0(\u00ab\u201c<strong>Albacross<\/strong>\u00a0\u00bb).<\/p>\n<p>Les informations recueillies \u00e0 partir des cookies install\u00e9s sur votre appareil qui sont qualifi\u00e9es comme donn\u00e9es personnelles seront trait\u00e9es par Albacross, une entreprise proposant des services d\u2019identification de pistes et de ciblage publicitaire et disposant de bureaux \u00e0 Stockholm et Cracovie. Vous trouverez ci-dessous l\u2019int\u00e9gralit\u00e9 des coordonn\u00e9es de contact.<\/p>\n<p><strong>Le but<\/strong> du traitement des donn\u00e9es personnelles est de permettre \u00e0 Albacross d\u2019am\u00e9liorer un service qui est fourni \u00e0 nous et \u00e0 notre site\u00a0Web (par ex. le service de \u00ab g\u00e9n\u00e9ration de pistes \u00bb), en ajoutant dans leur base de donn\u00e9es des donn\u00e9es concernant les entreprises.<\/p>\n<p><strong>Les donn\u00e9es recueillies et utilis\u00e9es <\/strong>par Albacross \u00e0 cette fin sont des informations relatives \u00e0 l\u2019adresse<\/span>\u00a0<span class=\"caps\">IP \u00e0 partir de laquelle vous avez consult\u00e9 notre site\u00a0Web, ainsi que des informations techniques qui permettent \u00e0 Albacross de distinguer diff\u00e9rents utilisateurs ayant acc\u00e9der au site\u00a0Web \u00e0 partir de la m\u00eame adresse<\/span>\u00a0<span class=\"caps\">IP. Albacross stocke le nom de domaine \u00e0 partir du formulaire saisi, afin de mettre en corr\u00e9lation l\u2019adresse<\/span>\u00a0<span class=\"caps\">IP et votre employeur\u00a0IP.<\/p>\n<p><strong>Pour tout savoir<\/strong>\u00a0sur la mani\u00e8re dont nous traitons les informations personnelles, veuillez consulter l\u2019int\u00e9gralit\u00e9 de notre Politique de confidentialit\u00e9.<\/p>\n<p>Vous pouvez \u00e0 tout moment retirer votre consentement \u00e0 ce traitement. Ledit retrait de consentement peut \u00eatre effectu\u00e9 soit en nous contactant, soit en contactant Albacross directement.<\/p>\n<p>Albacross Nordic\u00a0<span class=\"caps\">AB<\/span><br \/>\nN\u00b0 d\u2019immatriculation de l\u2019entreprise\u00a0: 556942-7338<br \/>\nKungsgatan 26<br \/>\n111 35 Stockholm, Su\u00e8de<br \/>\n<a href=\"https:\/\/albacross.com\/\">www.albacross.com<\/a>\u00a0-\u00a0<a href=\"javascript:secureDecryptAndNavigate('6vASiHV+DlC5l+KGTsLXnoRv\/Hn1Vgrs2SygM1drxLBapt8hOLoWB9Bjr6sGpR5kxYPVCwKdCAmWoRAhY8AX8klw9uaRlz1btlGAVQ==', '8ef3823ead979c912c60400ff5750fa08e30fc6822ef89ee0c2de248ae43e51e')\">&#99;&#111;n&#116;&#97;c&#116;&#64;&#97;&#108;b&#97;&#99;&#114;os&#115;&#46;&#99;&#111;m<\/a><\/p>\n<\/div>\n<\/div>\n<\/div><\/div><\/div><\/div><\/div>","protected":false},"excerpt":{"rendered":"<p>Les cookies\u00a0: qu\u2019est-ce que c\u2019est\u00a0? Ce sont de petits fichiers de donn\u00e9es qui sont essentiels \u00e0 certaines fonctions sur les sites\u00a0Web, notamment \u00e0 la connexion. Les cookies permettent aux sites\u00a0Web de m\u00e9moriser divers param\u00e8tres, comme la langue, la police et d\u2019autres options, que vous avez vous-m\u00eame choisis pour l\u2019affichage des pages\u00a0Web. C\u2019est pour cela que [&hellip;]<\/p>\n","protected":false},"author":1,"featured_media":0,"parent":0,"menu_order":0,"comment_status":"closed","ping_status":"open","template":"","meta":{"_acf_changed":false,"footnotes":""},"class_list":["post-7330","page","type-page","status-publish","hentry"],"acf":[],"aioseo_notices":[],"_links":{"self":[{"href":"https:\/\/skrivanek.com\/fr\/wp-json\/wp\/v2\/pages\/7330","targetHints":{"allow":["GET"]}}],"collection":[{"href":"https:\/\/skrivanek.com\/fr\/wp-json\/wp\/v2\/pages"}],"about":[{"href":"https:\/\/skrivanek.com\/fr\/wp-json\/wp\/v2\/types\/page"}],"author":[{"embeddable":true,"href":"https:\/\/skrivanek.com\/fr\/wp-json\/wp\/v2\/users\/1"}],"replies":[{"embeddable":true,"href":"https:\/\/skrivanek.com\/fr\/wp-json\/wp\/v2\/comments?post=7330"}],"version-history":[{"count":3,"href":"https:\/\/skrivanek.com\/fr\/wp-json\/wp\/v2\/pages\/7330\/revisions"}],"predecessor-version":[{"id":93241,"href":"https:\/\/skrivanek.com\/fr\/wp-json\/wp\/v2\/pages\/7330\/revisions\/93241"}],"wp:attachment":[{"href":"https:\/\/skrivanek.com\/fr\/wp-json\/wp\/v2\/media?parent=7330"}],"curies":[{"name":"wp","href":"https:\/\/api.w.org\/{rel}","templated":true}]}}