{"id":7630,"date":"2021-07-28T13:23:45","date_gmt":"2021-07-28T11:23:45","guid":{"rendered":"https:\/\/skrivanek.com\/traduccion-para-el-sector-publico\/"},"modified":"2023-10-19T11:40:42","modified_gmt":"2023-10-19T09:40:42","slug":"traduccion-para-el-sector-publico","status":"publish","type":"page","link":"https:\/\/skrivanek.com\/es\/traducciones\/traduccion-para-el-sector-publico\/","title":{"rendered":"Traducci\u00f3n para el sector p\u00fablico"},"content":{"rendered":"<div id=\"pl-7630\"  class=\"panel-layout\" ><div id=\"pg-7630-0\"  class=\"panel-grid panel-no-style\" ><div id=\"pgc-7630-0-0\"  class=\"panel-grid-cell\" ><div id=\"panel-7630-0-0-0\" class=\"so-panel widget widget_wpa9-editor-ext panel-first-child panel-last-child\" data-index=\"0\" ><div\n\t\t\t\n\t\t\tclass=\"so-widget-wpa9-editor-ext so-widget-wpa9-editor-ext-default-c93e1481a745-7630\"\n\t\t\t\n\t\t>\n<div class=\"siteorigin-widget-tinymce textwidget\">\n\t<div class=\"grey-box-section var-extramt\">\n<div class=\"section-wrapper var-wide\">\n<div class=\"grey-box-section__border\">\n<p>Nuestros traductores especializados en el sector financiero tienen las cualificaciones espec\u00edficas del sector y los conocimientos ling\u00fc\u00edsticos necesarios para ser expertos en materia financiera. Saben lo que el cliente desea expresar. Pueden traducir todo tipo de comunicaciones financieras a m\u00e1s de 50 idiomas diferentes.<\/p>\n<p><strong><span class=\"innerText\">Algunos de nuestros clientes satisfechos del sector p\u00fab<\/span><span class=\"innerText\">lic<\/span><span class=\"innerText\">o:<\/span><\/strong><\/p>\n<p><img alt=\"public\" loading=\"lazy\" decoding=\"async\" class=\" wp-image-5408 alignleft\" src=\"https:\/\/skrivanek.com\/wp-content\/uploads\/2021\/03\/public.png\" alt=\"\" width=\"649\" height=\"154\" \/><\/p>\n<\/div><\/div><\/div><\/div>\n<\/div><\/div><\/div><\/div><div id=\"pg-7630-1\"  class=\"panel-grid panel-has-style\" ><div class=\"siteorigin-panels-stretch panel-row-style panel-row-style-for-7630-1\" data-stretch-type=\"full\" ><div id=\"pgc-7630-1-0\"  class=\"panel-grid-cell\" ><div id=\"panel-7630-1-0-0\" class=\"so-panel widget widget_wpa9-card-l panel-first-child panel-last-child\" data-index=\"1\" ><div\n\t\t\t\n\t\t\tclass=\"so-widget-wpa9-card-l so-widget-wpa9-card-l-default-c93e1481a745-7630\"\n\t\t\t\n\t\t>\n\n<div class=\"wpa9-card wpa9-card-l-container d-flex flex-wrap wpa9-columns-2\">\n\n\t\n\t\t\n\t<div class=\"wpa9-card-l-panel wpa9-panel shadow rounded d-flex flex-column justify-content-between\">\n\n\t\t<div>\n\t\t\t\t\t\t\t<span class=\"wpa9-panel-icon icon\" style=\"display: none; background-image: url('https:\/\/skrivanek.com\/wp-content\/uploads\/2021\/03\/ico-tlumoceni-soudni.svg')\"><\/span>\n\t\t\t<span class=\"wpa9-panel-icon icon\" style=\"mask-image: url(https:\/\/skrivanek.com\/wp-content\/uploads\/2021\/03\/ico-tlumoceni-soudni.svg); -webkit-mask-image: url(https:\/\/skrivanek.com\/wp-content\/uploads\/2021\/03\/ico-tlumoceni-soudni.svg);\"><\/span>\n\t\t\n\t\t\t\t\t\t\t\t<h2 class=\"wpa9-panel-title\">La precisi\u00f3n de las traducciones del \u00e1rea de servicios del sector p\u00fablico son de vital importancia para todos los implicados<\/h2>\n\t\t\n\t\t\t\t\t\t\t<div class=\"wpa9-panel-content\"><p>Las organizaciones del sector p\u00fablico deben cumplir con sus obligaciones legislativas para proporcionar a las personas que no hablan ingl\u00e9s los servicios a los que pueden acceder f\u00e1cilmente en sus propios\u00a0idiomas.<\/p>\n<\/div>\n\t\t\t\t<\/div>\n\n\t\t\t\t<div class=\"meta meta-buttons d-flex flex-column flex-sm-row justify-content-center\">\n\t\t\t\t\t<a class=\"btn btn-negative show-inquiry-form\" href=\"https:\/\/skrivanek.com\/es\/consulta\/\" title=\"Enviar consulta\">Enviar consulta<\/a>\n\t\t\t\t\t\t<\/div>\n\t\t\n\t<\/div>\n\n\t\t\n\t<div class=\"wpa9-card-l-panel wpa9-panel shadow rounded d-flex flex-column justify-content-between\">\n\n\t\t<div>\n\t\t\t\t\t\t\t<span class=\"wpa9-panel-icon icon\" style=\"display: none; background-image: url('https:\/\/skrivanek.com\/wp-content\/uploads\/2021\/01\/ico-obecnypreklad.svg')\"><\/span>\n\t\t\t<span class=\"wpa9-panel-icon icon\" style=\"mask-image: url(https:\/\/skrivanek.com\/wp-content\/uploads\/2021\/01\/ico-obecnypreklad.svg); -webkit-mask-image: url(https:\/\/skrivanek.com\/wp-content\/uploads\/2021\/01\/ico-obecnypreklad.svg);\"><\/span>\n\t\t\n\t\t\t\t\t\t\t\t<h2 class=\"wpa9-panel-title\">Traducci\u00f3n para el sector p\u00fablico<\/h2>\n\t\t\n\t\t\t\t\t\t\t<div class=\"wpa9-panel-content\"><p>Nuestra empresa utiliza\u00a0<strong>expertos en legislaci\u00f3n<\/strong>,\u00a0<strong>pol\u00edtica<\/strong>,\u00a0<strong>econom\u00eda<\/strong>,\u00a0<strong>educaci\u00f3n<\/strong> y en todos los sectores relevantes, entregando con \u00e9xito proyectos de traducci\u00f3n\u00a0a:<\/p>\n<ul>\n<li>Gobiernos nacionales<\/li>\n<li>Gobiernos locales y autoridades municipales<\/li>\n<li>Asociaciones para la vivienda y organizaciones gubernamentales<\/li>\n<li>Polic\u00eda y juzgados<\/li>\n<li>Hospitales<\/li>\n<li>Ej\u00e9rcito<\/li>\n<\/ul>\n<\/div>\n\t\t\t\t<\/div>\n\n\t\t\t\t<div class=\"meta meta-buttons d-flex flex-column flex-sm-row justify-content-center\">\n\t\t\t\t\t<a class=\"btn btn-negative \" href=\"\/es\/contacto\/\" title=\"Contacto\">Contacto<\/a>\n\t\t\t\t\t\t<\/div>\n\t\t\n\t<\/div>\n\n\t\t\n\t<div class=\"wpa9-card-l-panel wpa9-panel shadow rounded d-flex flex-column justify-content-between\">\n\n\t\t<div>\n\t\t\t\t\t\t\t<span class=\"wpa9-panel-icon icon\" style=\"display: none; background-image: url('https:\/\/skrivanek.com\/wp-content\/uploads\/2021\/03\/ico-certifikovana-spolecnost.svg')\"><\/span>\n\t\t\t<span class=\"wpa9-panel-icon icon\" style=\"mask-image: url(https:\/\/skrivanek.com\/wp-content\/uploads\/2021\/03\/ico-certifikovana-spolecnost.svg); -webkit-mask-image: url(https:\/\/skrivanek.com\/wp-content\/uploads\/2021\/03\/ico-certifikovana-spolecnost.svg);\"><\/span>\n\t\t\n\t\t\t\t\t\t\t\t<h2 class=\"wpa9-panel-title\">M\u00e1xima calidad<\/h2>\n\t\t\n\t\t\t\t\t\t\t<div class=\"wpa9-panel-content\"><ul>\n<li>Servicios de traducci\u00f3n gubernamental especializados en todos los idiomas y combinaciones de idiomas<\/li>\n<li>Confidencialidad garantizada: acuerdos de confidencialidad invulnerables<\/li>\n<li>Glosarios y terminolog\u00eda especializada<\/li>\n<\/ul>\n<\/div>\n\t\t\t\t<\/div>\n\n\t\t\n\t<\/div>\n\n\t\t\n\t<div class=\"wpa9-card-l-panel wpa9-panel shadow rounded d-flex flex-column justify-content-between\">\n\n\t\t<div>\n\t\t\t\t\t\t\t<span class=\"wpa9-panel-icon icon\" style=\"display: none; background-image: url('https:\/\/skrivanek.com\/wp-content\/uploads\/2021\/03\/ico-seznam.svg')\"><\/span>\n\t\t\t<span class=\"wpa9-panel-icon icon\" style=\"mask-image: url(https:\/\/skrivanek.com\/wp-content\/uploads\/2021\/03\/ico-seznam.svg); -webkit-mask-image: url(https:\/\/skrivanek.com\/wp-content\/uploads\/2021\/03\/ico-seznam.svg);\"><\/span>\n\t\t\n\t\t\t\t\t\t\t\t<h2 class=\"wpa9-panel-title\">Servicio integral<\/h2>\n\t\t\n\t\t\t\t\t\t\t<div class=\"wpa9-panel-content\"><ul>\n<li>Traducciones juradas<\/li>\n<li>Servicios integrales de DTP y dise\u00f1o gr\u00e1fico<\/li>\n<li>Traducciones en m\u00e1s de 80 idiomas<\/li>\n<li>Revisi\u00f3n realizada por nativos especialistas<\/li>\n<li>Soluciones de software<\/li>\n<\/ul>\n<\/div>\n\t\t\t\t<\/div>\n\n\t\t\n\t<\/div>\n\n\t\t\n\t\n<\/div>\n<\/div><\/div><\/div><\/div><\/div><div id=\"pg-7630-2\"  class=\"panel-grid panel-has-style\" ><div class=\"siteorigin-panels-stretch panel-row-style panel-row-style-for-7630-2\" data-stretch-type=\"full\" ><div id=\"pgc-7630-2-0\"  class=\"panel-grid-cell\" ><div id=\"panel-7630-2-0-0\" class=\"so-panel widget widget_wpa9-card-s panel-first-child panel-last-child\" data-index=\"2\" ><div\n\t\t\t\n\t\t\tclass=\"so-widget-wpa9-card-s so-widget-wpa9-card-s-default-c93e1481a745-7630\"\n\t\t\t\n\t\t><div class=\"wpa9-card wpa9-card-s narrow positive\">\n\n\t<div class=\"wpa9-card-wrapper container\">\n\n\t\t<div class=\"wpa9-card-text\">\n\t\t\t<h2 class=\"wpa9-card-title\">\u00bfNecesita una traducci\u00f3n especializada? <\/h2>\n\t\t\t<div class=\"wpa9-card-content\"><p style=\"text-align: center\">No importa el texto que tenga que traducir, p\u00f3ngase en contacto con nosotros y elaboraremos un presupuesto.<\/p>\n<\/div>\t\t<\/div>\n\n\t\t\t\t<div class=\"meta meta-buttons d-flex flex-row justify-content-center\">\n\t\t\t\t\t\t\t<a class=\"btn btn-negative show-inquiry-form\" href=\"https:\/\/skrivanek.com\/es\/consulta\/\" title=\"Enviar consulta\">Enviar consulta<\/a>\n\t\t\t\t<\/div>\n\t\t\n\t<\/div>\n\n<\/div>\n<\/div><\/div><\/div><\/div><\/div><\/div>","protected":false},"excerpt":{"rendered":"<p>Nuestros traductores especializados en el sector financiero tienen las cualificaciones espec\u00edficas del sector y los conocimientos ling\u00fc\u00edsticos necesarios para ser expertos en materia financiera. Saben lo que el cliente desea expresar. Pueden traducir todo tipo de comunicaciones financieras a m\u00e1s de 50 idiomas diferentes. Algunos de nuestros clientes satisfechos del sector p\u00fablico: La precisi\u00f3n de [&hellip;]<\/p>\n","protected":false},"author":10,"featured_media":0,"parent":7646,"menu_order":0,"comment_status":"closed","ping_status":"open","template":"","meta":{"_acf_changed":false,"footnotes":""},"class_list":["post-7630","page","type-page","status-publish","hentry"],"acf":[],"aioseo_notices":[],"_links":{"self":[{"href":"https:\/\/skrivanek.com\/es\/wp-json\/wp\/v2\/pages\/7630","targetHints":{"allow":["GET"]}}],"collection":[{"href":"https:\/\/skrivanek.com\/es\/wp-json\/wp\/v2\/pages"}],"about":[{"href":"https:\/\/skrivanek.com\/es\/wp-json\/wp\/v2\/types\/page"}],"author":[{"embeddable":true,"href":"https:\/\/skrivanek.com\/es\/wp-json\/wp\/v2\/users\/10"}],"replies":[{"embeddable":true,"href":"https:\/\/skrivanek.com\/es\/wp-json\/wp\/v2\/comments?post=7630"}],"version-history":[{"count":3,"href":"https:\/\/skrivanek.com\/es\/wp-json\/wp\/v2\/pages\/7630\/revisions"}],"predecessor-version":[{"id":83397,"href":"https:\/\/skrivanek.com\/es\/wp-json\/wp\/v2\/pages\/7630\/revisions\/83397"}],"up":[{"embeddable":true,"href":"https:\/\/skrivanek.com\/es\/wp-json\/wp\/v2\/pages\/7646"}],"wp:attachment":[{"href":"https:\/\/skrivanek.com\/es\/wp-json\/wp\/v2\/media?parent=7630"}],"curies":[{"name":"wp","href":"https:\/\/api.w.org\/{rel}","templated":true}]}}