{"id":7620,"date":"2021-07-28T13:23:43","date_gmt":"2021-07-28T11:23:43","guid":{"rendered":"https:\/\/skrivanek.com\/otras-certificaciones\/"},"modified":"2026-03-23T18:58:53","modified_gmt":"2026-03-23T17:58:53","slug":"otras-certificaciones","status":"publish","type":"page","link":"https:\/\/skrivanek.com\/es\/sobre-nosotros\/otras-certificaciones\/","title":{"rendered":"Otras certificaciones"},"content":{"rendered":"<div id=\"pl-7620\"  class=\"panel-layout\" ><div id=\"pg-7620-0\"  class=\"panel-grid panel-has-style\" ><div class=\"siteorigin-panels-stretch panel-row-padding-none panel-row-style panel-row-style-for-7620-0\" data-stretch-type=\"full\" ><div id=\"pgc-7620-0-0\"  class=\"panel-grid-cell\" ><div id=\"panel-7620-0-0-0\" class=\"so-panel widget widget_wpa9-card-l panel-first-child panel-last-child\" data-index=\"0\" ><div\n\t\t\t\n\t\t\tclass=\"so-widget-wpa9-card-l so-widget-wpa9-card-l-default-c93e1481a745-7620\"\n\t\t\t\n\t\t>\n\n<div class=\"wpa9-card wpa9-card-l-container d-flex flex-wrap wpa9-columns-3\">\n\n\t\n\t\t\n\t<div class=\"wpa9-card-l-panel wpa9-panel shadow rounded d-flex flex-column justify-content-between\">\n\n\t\t<div>\n\t\t\t\t\n\t\t\t\t\t\t\t\t<h2 class=\"wpa9-panel-title\">CSA 2022: los 50 principales proveedores de servicios ling\u00fc\u00edsticos del mundo<\/h2>\n\t\t\n\t\t\t\t\t\t\t\t<figure>\n\t\t\t\t<img decoding=\"async\" src=\"https:\/\/skrivanek.com\/wp-content\/uploads\/2024\/05\/csa-20222.webp\" alt=\"CSA 2022: los 50 principales proveedores de servicios ling\u00fc\u00edsticos del mundo\" class=\"img-responsive\" style=\"width:100%\"\/>\n\t\t\t<\/figure>\n\t\t\t\t\t\t<\/div>\n\n\t\t\n\t<\/div>\n\n\t\t\n\t<div class=\"wpa9-card-l-panel wpa9-panel shadow rounded d-flex flex-column justify-content-between\">\n\n\t\t<div>\n\t\t\t\t\n\t\t\t\t\t\t\t\t<h2 class=\"wpa9-panel-title\">CSA 2021: los 100 principales proveedores de servicios ling\u00fc\u00edsticos del mundo<\/h2>\n\t\t\n\t\t\t\t\t\t\t\t<figure>\n\t\t\t\t<img decoding=\"async\" src=\"https:\/\/skrivanek.com\/wp-content\/uploads\/2021\/07\/top-100-948x520.jpg\" alt=\"CSA 2021: los 100 principales proveedores de servicios ling\u00fc\u00edsticos del mundo\" class=\"img-responsive\" style=\"width:100%\"\/>\n\t\t\t<\/figure>\n\t\t\t\t\t\t<\/div>\n\n\t\t\n\t<\/div>\n\n\t\t\n\t<div class=\"wpa9-card-l-panel wpa9-panel shadow rounded d-flex flex-column justify-content-between\">\n\n\t\t<div>\n\t\t\t\t\n\t\t\t\t\t\t\t\t<h2 class=\"wpa9-panel-title\">CSA 2020: los 50 principales proveedores de servicios ling\u00fc\u00edsticos del mundo<\/h2>\n\t\t\n\t\t\t\t\t\t\t\t<figure>\n\t\t\t\t<img decoding=\"async\" src=\"https:\/\/skrivanek.com\/wp-content\/uploads\/2022\/06\/global-50-high-res-2020-948x632.png\" alt=\"CSA 2020: los 50 principales proveedores de servicios ling\u00fc\u00edsticos del mundo\" class=\"img-responsive\" style=\"width:100%\"\/>\n\t\t\t<\/figure>\n\t\t\t\t\t\t<\/div>\n\n\t\t\n\t<\/div>\n\n\t\t\n\t<div class=\"wpa9-card-l-panel wpa9-panel shadow rounded d-flex flex-column justify-content-between\">\n\n\t\t<div>\n\t\t\t\t\n\t\t\t\t\t\t\t\t<h2 class=\"wpa9-panel-title\">CSA 2019: los 100 mejores proveedores de servicios de idiomas del mundo<\/h2>\n\t\t\n\t\t\t\t\t\t\t\t<figure>\n\t\t\t\t<img decoding=\"async\" src=\"https:\/\/skrivanek.com\/wp-content\/uploads\/2021\/03\/the-top-100-language-service-providers-in-the-world.png\" alt=\"CSA 2019: los 100 mejores proveedores de servicios de idiomas del mundo\" class=\"img-responsive\" style=\"width:100%\"\/>\n\t\t\t<\/figure>\n\t\t\t\t\t\t<\/div>\n\n\t\t\t\t<div class=\"meta meta-buttons d-flex flex-column flex-sm-row justify-content-center\">\n\t\t\t\t\t<a class=\"btn btn-negative \" href=\"\/wp-content\/uploads\/2021\/03\/csa-2019.pdf\" title=\"Descargar\">Descargar<\/a>\n\t\t\t\t\t\t<\/div>\n\t\t\n\t<\/div>\n\n\t\t\n\t<div class=\"wpa9-card-l-panel wpa9-panel shadow rounded d-flex flex-column justify-content-between\">\n\n\t\t<div>\n\t\t\t\t\n\t\t\t\t\t\t\t\t<h2 class=\"wpa9-panel-title\">CSA 2018: los 100 mejores proveedores de servicios de idiomas del mundo<\/h2>\n\t\t\n\t\t\t\t\t\t\t\t<figure>\n\t\t\t\t<img decoding=\"async\" src=\"https:\/\/skrivanek.com\/wp-content\/uploads\/2021\/03\/csa-pr-2018-skrivanek-0.png\" alt=\"CSA 2018: los 100 mejores proveedores de servicios de idiomas del mundo\" class=\"img-responsive\" style=\"width:100%\"\/>\n\t\t\t<\/figure>\n\t\t\t\t\t\t<\/div>\n\n\t\t\t\t<div class=\"meta meta-buttons d-flex flex-column flex-sm-row justify-content-center\">\n\t\t\t\t\t<a class=\"btn btn-negative \" href=\"\/wp-content\/uploads\/2021\/03\/csa-2018.pdf\" title=\"Descargar\">Descargar<\/a>\n\t\t\t\t\t\t<\/div>\n\t\t\n\t<\/div>\n\n\t\t\n\t\n<\/div>\n<\/div><\/div><\/div><\/div><\/div><\/div>","protected":false},"excerpt":{"rendered":"<p>CSA 2022: los 50 principales proveedores de servicios ling\u00fc\u00edsticos del mundo CSA 2021: los 100 principales proveedores de servicios ling\u00fc\u00edsticos del mundo CSA 2020: los 50 principales proveedores de servicios ling\u00fc\u00edsticos del mundo CSA 2019: los 100 mejores proveedores de servicios de idiomas del mundo Descargar CSA 2018: los 100 mejores proveedores de servicios de [&hellip;]<\/p>\n","protected":false},"author":10,"featured_media":0,"parent":7626,"menu_order":0,"comment_status":"closed","ping_status":"open","template":"","meta":{"_acf_changed":false,"footnotes":""},"class_list":["post-7620","page","type-page","status-publish","hentry"],"acf":[],"aioseo_notices":[],"_links":{"self":[{"href":"https:\/\/skrivanek.com\/es\/wp-json\/wp\/v2\/pages\/7620","targetHints":{"allow":["GET"]}}],"collection":[{"href":"https:\/\/skrivanek.com\/es\/wp-json\/wp\/v2\/pages"}],"about":[{"href":"https:\/\/skrivanek.com\/es\/wp-json\/wp\/v2\/types\/page"}],"author":[{"embeddable":true,"href":"https:\/\/skrivanek.com\/es\/wp-json\/wp\/v2\/users\/10"}],"replies":[{"embeddable":true,"href":"https:\/\/skrivanek.com\/es\/wp-json\/wp\/v2\/comments?post=7620"}],"version-history":[{"count":2,"href":"https:\/\/skrivanek.com\/es\/wp-json\/wp\/v2\/pages\/7620\/revisions"}],"predecessor-version":[{"id":93228,"href":"https:\/\/skrivanek.com\/es\/wp-json\/wp\/v2\/pages\/7620\/revisions\/93228"}],"up":[{"embeddable":true,"href":"https:\/\/skrivanek.com\/es\/wp-json\/wp\/v2\/pages\/7626"}],"wp:attachment":[{"href":"https:\/\/skrivanek.com\/es\/wp-json\/wp\/v2\/media?parent=7620"}],"curies":[{"name":"wp","href":"https:\/\/api.w.org\/{rel}","templated":true}]}}