{"id":7604,"date":"2021-07-28T13:23:41","date_gmt":"2021-07-28T11:23:41","guid":{"rendered":"https:\/\/skrivanek.com\/pruebas-de-software\/"},"modified":"2022-08-12T08:46:04","modified_gmt":"2022-08-12T06:46:04","slug":"pruebas-de-software","status":"publish","type":"page","link":"https:\/\/skrivanek.com\/es\/localizacion\/pruebas-de-software\/","title":{"rendered":"Pruebas de software"},"content":{"rendered":"<div id=\"pl-7604\"  class=\"panel-layout\" ><div id=\"pg-7604-0\"  class=\"panel-grid panel-no-style\" ><div id=\"pgc-7604-0-0\"  class=\"panel-grid-cell\" ><div id=\"panel-7604-0-0-0\" class=\"so-panel widget widget_wpa9-editor-ext panel-first-child panel-last-child\" data-index=\"0\" ><div\n\t\t\t\n\t\t\tclass=\"so-widget-wpa9-editor-ext so-widget-wpa9-editor-ext-default-c93e1481a745-7604\"\n\t\t\t\n\t\t>\n<div class=\"siteorigin-widget-tinymce textwidget\">\n\t<div class=\"grey-box-section var-extramt\">\n<div class=\"section-wrapper var-wide\">\n<div class=\"grey-box-section__border\">\n<p><strong><span class=\"innerText\">Algunos de nuestros clientes satis<\/span><span class=\"innerText\">fecho<\/span><span class=\"innerText\">s:<\/span><\/strong><\/p>\n<p><img alt=\"loc-ref\" loading=\"lazy\" decoding=\"async\" class=\"wp-image-5507 alignleft\" src=\"https:\/\/skrivanek.com\/wp-content\/uploads\/2021\/03\/loc-ref.png\" alt=\"\" width=\"925\" height=\"79\" \/><\/p>\n<\/div>\n<\/div>\n<\/div>\n<\/div>\n<\/div><\/div><\/div><\/div><div id=\"pg-7604-1\"  class=\"panel-grid panel-has-style\" ><div class=\"siteorigin-panels-stretch panel-row-style panel-row-style-for-7604-1\" data-stretch-type=\"full\" ><div id=\"pgc-7604-1-0\"  class=\"panel-grid-cell\" ><div id=\"panel-7604-1-0-0\" class=\"so-panel widget widget_wpa9-card-l panel-first-child panel-last-child\" data-index=\"1\" ><div\n\t\t\t\n\t\t\tclass=\"so-widget-wpa9-card-l so-widget-wpa9-card-l-default-c93e1481a745-7604\"\n\t\t\t\n\t\t>\n\n<div class=\"wpa9-card wpa9-card-l-container d-flex flex-wrap wpa9-columns-2\">\n\n\t\n\t\t\n\t<div class=\"wpa9-card-l-panel wpa9-panel shadow rounded d-flex flex-column justify-content-between\">\n\n\t\t<div>\n\t\t\t\t\t\t\t<span class=\"wpa9-panel-icon icon\" style=\"display: none; background-image: url('https:\/\/skrivanek.com\/wp-content\/uploads\/2021\/03\/ico-online-vyuka.svg')\"><\/span>\n\t\t\t<span class=\"wpa9-panel-icon icon\" style=\"mask-image: url(https:\/\/skrivanek.com\/wp-content\/uploads\/2021\/03\/ico-online-vyuka.svg); -webkit-mask-image: url(https:\/\/skrivanek.com\/wp-content\/uploads\/2021\/03\/ico-online-vyuka.svg);\"><\/span>\n\t\t\n\t\t\t\t\t\t\t\t<h2 class=\"wpa9-panel-title\">Pruebas de software<\/h2>\n\t\t\n\t\t\t\t\t\t\t<div class=\"wpa9-panel-content\"><p>Crearemos la traducci\u00f3n ling\u00fc\u00edstica adecuada para usted, incluyendo la prueba de funcionamiento de su aplicaci\u00f3n una vez localizada. Su empresa tendr\u00e1 el \u00e9xito garantizado en los mercados internacionales. Debe adaptarse no solo al idioma local, sino tambi\u00e9n a los est\u00e1ndares legales y a los h\u00e1bitos culturales.<\/p>\n<\/div>\n\t\t\t\t<\/div>\n\n\t\t\t\t<div class=\"meta meta-buttons d-flex flex-column flex-sm-row justify-content-center\">\n\t\t\t\t\t<a class=\"btn btn-negative show-inquiry-form\" href=\"https:\/\/skrivanek.com\/es\/consulta\/\" title=\"Enviar consulta\">Enviar consulta<\/a>\n\t\t\t\t\t\t<\/div>\n\t\t\n\t<\/div>\n\n\t\t\n\t<div class=\"wpa9-card-l-panel wpa9-panel shadow rounded d-flex flex-column justify-content-between\">\n\n\t\t<div>\n\t\t\t\t\t\t\t<span class=\"wpa9-panel-icon icon\" style=\"display: none; background-image: url('https:\/\/skrivanek.com\/wp-content\/uploads\/2021\/03\/ico-info.svg')\"><\/span>\n\t\t\t<span class=\"wpa9-panel-icon icon\" style=\"mask-image: url(https:\/\/skrivanek.com\/wp-content\/uploads\/2021\/03\/ico-info.svg); -webkit-mask-image: url(https:\/\/skrivanek.com\/wp-content\/uploads\/2021\/03\/ico-info.svg);\"><\/span>\n\t\t\n\t\t\t\t\t\t\t\t<h2 class=\"wpa9-panel-title\">Nuestros servicios de pruebas de software incluyen:<\/h2>\n\t\t\n\t\t\t\t\t\t\t<div class=\"wpa9-panel-content\"><p>Las pruebas de localizaci\u00f3n son parte de un proceso esencial y exigente. Skrivanek es un experto en la materia y es consciente de los detalles clave que se deben tener en cuenta para garantizar la consistencia:<\/p>\n<ul>\n<li>Finalizaci\u00f3n del producto localizado<\/li>\n<li>Precisi\u00f3n y consistencia de la interfaz de usuario localizada<\/li>\n<li>Aspecto adecuado, prestando especial atenci\u00f3n al texto truncado, caracteres especiales y formatos<\/li>\n<li>Funcionalidad de la versi\u00f3n localizada en varios idiomas, sistemas operativos, navegadores y plataformas<\/li>\n<\/ul>\n<\/div>\n\t\t\t\t<\/div>\n\n\t\t\t\t<div class=\"meta meta-buttons d-flex flex-column flex-sm-row justify-content-center\">\n\t\t\t\t\t<a class=\"btn btn-negative \" href=\"\/es\/contacto\/\" title=\"Contacto\">Contacto<\/a>\n\t\t\t\t\t\t<\/div>\n\t\t\n\t<\/div>\n\n\t\t\n\t\n<\/div>\n<\/div><\/div><\/div><\/div><\/div><div id=\"pg-7604-2\"  class=\"panel-grid panel-no-style\" ><div id=\"pgc-7604-2-0\"  class=\"panel-grid-cell\" ><div id=\"panel-7604-2-0-0\" class=\"so-panel widget widget_wpa9-card-s panel-first-child panel-last-child\" data-index=\"2\" ><div\n\t\t\t\n\t\t\tclass=\"so-widget-wpa9-card-s so-widget-wpa9-card-s-default-c93e1481a745-7604\"\n\t\t\t\n\t\t><div class=\"wpa9-card wpa9-card-s narrow positive\">\n\n\t<div class=\"wpa9-card-wrapper container\">\n\n\t\t<div class=\"wpa9-card-text\">\n\t\t\t<h2 class=\"wpa9-card-title\">\u00bfEst\u00e1 buscando pruebas de software de gran calidad?<\/h2>\n\t\t\t<div class=\"wpa9-card-content\"><p style=\"text-align: center\">Elaboraremos un presupuesto adaptado a sus necesidades.<\/p>\n<\/div>\t\t<\/div>\n\n\t\t\t\t<div class=\"meta meta-buttons d-flex flex-row justify-content-center\">\n\t\t\t\t\t\t\t<a class=\"btn btn-negative show-inquiry-form\" href=\"https:\/\/skrivanek.com\/es\/consulta\/\" title=\"Enviar consulta\">Enviar consulta<\/a>\n\t\t\t\t<\/div>\n\t\t\n\t<\/div>\n\n<\/div>\n<\/div><\/div><\/div><\/div><\/div>","protected":false},"excerpt":{"rendered":"<p>Algunos de nuestros clientes satisfechos: Pruebas de software Crearemos la traducci\u00f3n ling\u00fc\u00edstica adecuada para usted, incluyendo la prueba de funcionamiento de su aplicaci\u00f3n una vez localizada. Su empresa tendr\u00e1 el \u00e9xito garantizado en los mercados internacionales. Debe adaptarse no solo al idioma local, sino tambi\u00e9n a los est\u00e1ndares legales y a los h\u00e1bitos culturales. Enviar [&hellip;]<\/p>\n","protected":false},"author":10,"featured_media":0,"parent":7612,"menu_order":0,"comment_status":"closed","ping_status":"open","template":"","meta":{"_acf_changed":false,"footnotes":""},"class_list":["post-7604","page","type-page","status-publish","hentry"],"acf":[],"aioseo_notices":[],"_links":{"self":[{"href":"https:\/\/skrivanek.com\/es\/wp-json\/wp\/v2\/pages\/7604","targetHints":{"allow":["GET"]}}],"collection":[{"href":"https:\/\/skrivanek.com\/es\/wp-json\/wp\/v2\/pages"}],"about":[{"href":"https:\/\/skrivanek.com\/es\/wp-json\/wp\/v2\/types\/page"}],"author":[{"embeddable":true,"href":"https:\/\/skrivanek.com\/es\/wp-json\/wp\/v2\/users\/10"}],"replies":[{"embeddable":true,"href":"https:\/\/skrivanek.com\/es\/wp-json\/wp\/v2\/comments?post=7604"}],"version-history":[{"count":3,"href":"https:\/\/skrivanek.com\/es\/wp-json\/wp\/v2\/pages\/7604\/revisions"}],"predecessor-version":[{"id":31988,"href":"https:\/\/skrivanek.com\/es\/wp-json\/wp\/v2\/pages\/7604\/revisions\/31988"}],"up":[{"embeddable":true,"href":"https:\/\/skrivanek.com\/es\/wp-json\/wp\/v2\/pages\/7612"}],"wp:attachment":[{"href":"https:\/\/skrivanek.com\/es\/wp-json\/wp\/v2\/media?parent=7604"}],"curies":[{"name":"wp","href":"https:\/\/api.w.org\/{rel}","templated":true}]}}