{"id":6779,"date":"2021-06-15T09:48:21","date_gmt":"2021-06-15T07:48:21","guid":{"rendered":"https:\/\/skrivanek.com\/?page_id=6779"},"modified":"2021-08-03T08:44:24","modified_gmt":"2021-08-03T06:44:24","slug":"contact-test-wpml","status":"publish","type":"page","link":"https:\/\/skrivanek.com\/es\/contact-test-wpml\/","title":{"rendered":"Contact &#8211; Test WPML"},"content":{"rendered":"<div id=\"pl-6779\"  class=\"panel-layout\" ><div id=\"pg-6779-0\"  class=\"panel-grid panel-has-style\" ><div class=\"siteorigin-panels-stretch panel-row-style panel-row-style-for-6779-0\" data-stretch-type=\"full\" ><div id=\"pgc-6779-0-0\"  class=\"panel-grid-cell\" ><div id=\"panel-6779-0-0-0\" class=\"so-panel widget widget_wpa9-card-l panel-first-child panel-last-child\" data-index=\"0\" ><div\n\t\t\t\n\t\t\tclass=\"so-widget-wpa9-card-l so-widget-wpa9-card-l-default-c93e1481a745-6779\"\n\t\t\t\n\t\t>\n<h3 class=\"widget-title\">Sedes de Skrivanek<\/h3>\n<div class=\"wpa9-card wpa9-card-l-container d-flex flex-wrap wpa9-columns-3\">\n\n\t\n\t\t\n\t<div class=\"wpa9-card-l-panel wpa9-panel shadow rounded d-flex flex-column justify-content-between\">\n\n\t\t<div>\n\t\t\t\t\t\t\t<span class=\"wpa9-panel-icon icon\" style=\"display: none; background-image: url('https:\/\/skrivanek.com\/wp-content\/uploads\/2021\/02\/icon-marker-gm-outline.svg')\"><\/span>\n\t\t\t<span class=\"wpa9-panel-icon icon\" style=\"mask-image: url(https:\/\/skrivanek.com\/wp-content\/uploads\/2021\/02\/icon-marker-gm-outline.svg); -webkit-mask-image: url(https:\/\/skrivanek.com\/wp-content\/uploads\/2021\/02\/icon-marker-gm-outline.svg);\"><\/span>\n\t\t\n\t\t\t\t\t\t\t\t<h2 class=\"wpa9-panel-title\">Skrivanek Global<\/h2>\n\t\t\n\t\t\t\t\t\t\t<div class=\"wpa9-panel-content\"><p>Veve\u0159\u00ed 102<br \/>\n616 00 Brno<br \/>\nRep\u00fablica Checa<br \/>\nTel.: +420 605 235 691<br \/>\nWhatsApp: +420 605 235 691<\/p>\n<p><a href=\"javascript:secureDecryptAndNavigate('RmN0ab46PS206PTMfBfKn3QzwnLGohfvdGSKVD4+dAL\/Nvx1gmCt90Zc3ucjRGo32Op+L7Bu8NPtkUMxaIlCEUHt3K\/+j3lPuA==', '8ef3823ead979c912c60400ff5750fa08e30fc6822ef89ee0c2de248ae43e51e')\" target=\"_blank\" rel=\"noopener\">&#105;nf&#111;&#64;skr&#105;&#118;a&#110;&#101;k.c&#111;&#109;<\/a><\/p>\n<\/div>\n\t\t\t\t<\/div>\n\n\t\t\n\t<\/div>\n\n\t\t\n\t<div class=\"wpa9-card-l-panel wpa9-panel shadow rounded d-flex flex-column justify-content-between\">\n\n\t\t<div>\n\t\t\t\t\t\t\t<span class=\"wpa9-panel-icon icon\" style=\"display: none; background-image: url('https:\/\/skrivanek.com\/wp-content\/uploads\/2021\/02\/icon-marker-gm-outline.svg')\"><\/span>\n\t\t\t<span class=\"wpa9-panel-icon icon\" style=\"mask-image: url(https:\/\/skrivanek.com\/wp-content\/uploads\/2021\/02\/icon-marker-gm-outline.svg); -webkit-mask-image: url(https:\/\/skrivanek.com\/wp-content\/uploads\/2021\/02\/icon-marker-gm-outline.svg);\"><\/span>\n\t\t\n\t\t\t\t\t\t\t\t<h2 class=\"wpa9-panel-title\">Skrivanek Reino Unido<\/h2>\n\t\t\n\t\t\t\t\t\t\t<div class=\"wpa9-panel-content\"><p>4 Old Park Lane, Mayfair<br \/>\nLondon<br \/>\nW1K 1QW<br \/>\nReino Unido<br \/>\nTel.: +420 605 235 691<br \/>\nWhatsApp: +420 605 235 691<\/p>\n<p><a href=\"javascript:secureDecryptAndNavigate('KiQlBQLCpV1gYvrn24N0wGTjLKy1NgUyhJnrrMYfl9ZlCdTFfpbmR9adbcTrxX\/r+jhNY\/HtEjFrU+QF8TOncQbmTeoCRjdKh3zM', '8ef3823ead979c912c60400ff5750fa08e30fc6822ef89ee0c2de248ae43e51e')\" target=\"_blank\" rel=\"noopener\">&#105;n&#102;&#111;&#64;s&#107;riva&#110;e&#107;&#46;&#99;&#111;&#46;&#117;k<\/a><\/p>\n<\/div>\n\t\t\t\t<\/div>\n\n\t\t\n\t<\/div>\n\n\t\t\n\t<div class=\"wpa9-card-l-panel wpa9-panel shadow rounded d-flex flex-column justify-content-between\">\n\n\t\t<div>\n\t\t\t\t\t\t\t<span class=\"wpa9-panel-icon icon\" style=\"display: none; background-image: url('https:\/\/skrivanek.com\/wp-content\/uploads\/2021\/02\/icon-marker-gm-outline.svg')\"><\/span>\n\t\t\t<span class=\"wpa9-panel-icon icon\" style=\"mask-image: url(https:\/\/skrivanek.com\/wp-content\/uploads\/2021\/02\/icon-marker-gm-outline.svg); -webkit-mask-image: url(https:\/\/skrivanek.com\/wp-content\/uploads\/2021\/02\/icon-marker-gm-outline.svg);\"><\/span>\n\t\t\n\t\t\t\t\t\t\t\t<h2 class=\"wpa9-panel-title\">Skrivanek Am\u00e9rica<\/h2>\n\t\t\n\t\t\t\t\t\t\t<div class=\"wpa9-panel-content\"><p>140 Broadway, 46th Floor<br \/>\nNew York, 10005<br \/>\nEstados Unidos<br \/>\nTel.: +1 212 858 7561<br \/>\nWhatsApp: +420 605 235 691<\/p>\n<p><a href=\"javascript:secureDecryptAndNavigate('AxzlBrkLcTFAS+Ozmsyj9JSOvvHwiQEVCoyiHRwxYMykK1oDQncB33N4VUwpZO3y0s9g5X22lD0NSr9BmApwlrfwwWPuiwN7xw==', '8ef3823ead979c912c60400ff5750fa08e30fc6822ef89ee0c2de248ae43e51e')\" target=\"_blank\" rel=\"noopener\">&#105;&#110;f&#111;&#64;s&#107;&#114;&#105;v&#97;&#110;&#101;k&#46;&#99;om<\/a><\/p>\n<\/div>\n\t\t\t\t<\/div>\n\n\t\t\n\t<\/div>\n\n\t\t\n\t\n<\/div>\n<\/div><\/div><\/div><\/div><\/div><div id=\"pg-6779-1\"  class=\"panel-grid panel-no-style\" ><div id=\"pgc-6779-1-0\"  class=\"panel-grid-cell\" ><div id=\"panel-6779-1-0-0\" class=\"so-panel widget widget_wpa9-team-members panel-first-child panel-last-child\" data-index=\"1\" ><div\n\t\t\t\n\t\t\tclass=\"so-widget-wpa9-team-members so-widget-wpa9-team-members-default-c93e1481a745-6779\"\n\t\t\t\n\t\t>\n\n<h3 class=\"widget-title\">Conozca a nuestro equipo<\/h3>\n<div class=\"wpa9-team-members row\">\n\n\t\n\t\t\n\t\t\n\t\t\t<div class=\"wpa9-team-members-panel col-12 col-md-6 col-lg-4\">\n\n\t\t\t\t\t\t\t<figure class=\"wpa9-team-members-image\">\n\t\t\t\t\t<img alt=\"jaroslava-ouzka\" decoding=\"async\" src=\"https:\/\/skrivanek.com\/wp-content\/uploads\/2021\/06\/jaroslava-ouzka.jpg\" alt=\"\" class=\"img-responsive\" \/>\n\t\t\t\t<\/figure>\n\n\t\t\t\t<h4 class=\"wpa9-team-members-name\">Jaroslava Ouzk\u00e1<\/h4>\n\n\t\t\t\t<div class=\"wpa9-team-members-position\">Directora global de ventas<\/div>\n\t\t\t\t<div class=\"wpa9-team-members-email\"><a href=\"javascript:secureDecryptAndNavigate('cm1x9FuMdwCvTbAAWEuirqtqJ7mty8NJNxq5iQ3seWGSRqwfHR7dHqEqnGmHFwu1uxB+avInNdVzGGEKBkj++oWKr2RMEi4I9HAQUvkL\/VUdSR+6', '8ef3823ead979c912c60400ff5750fa08e30fc6822ef89ee0c2de248ae43e51e')\" title=\"Send e-mail to Jaroslava Ouzk\u00e1\">&#106;aro&#115;&#108;a&#118;a.&#111;&#117;z&#107;a&#64;s&#107;r&#105;van&#101;k&#46;&#99;om<\/a><\/div>\n\t\t\t\t<div class=\"wpa9-team-members-phone\">+420 605 235 691<\/div>\n\t\t\t\t<div class=\"wpa9-team-members-description\">Habla ingl\u00e9s y tiene un nivel b\u00e1sico de ruso<\/div>\n\n\t\t\t<\/div>\n\n\t\t\n\t\t\t<div class=\"wpa9-team-members-panel col-12 col-md-6 col-lg-4\">\n\n\t\t\t\t\t\t\t<figure class=\"wpa9-team-members-image\">\n\t\t\t\t\t<img alt=\"jan-hirs\" decoding=\"async\" src=\"https:\/\/skrivanek.com\/wp-content\/uploads\/2021\/03\/jan-hirs.png\" alt=\"\" class=\"img-responsive\" \/>\n\t\t\t\t<\/figure>\n\n\t\t\t\t<h4 class=\"wpa9-team-members-name\">Jan Hir\u0161<\/h4>\n\n\t\t\t\t<div class=\"wpa9-team-members-position\">Director del Centro de Gesti\u00f3n de Proyectos Internacionales y<br \/>del Departamento de Localizaci\u00f3n<\/div>\n\t\t\t\t<div class=\"wpa9-team-members-email\"><a href=\"javascript:secureDecryptAndNavigate('KTNt5CXK2Eez1nl9YUt3bQ\/kgRjIIIdhsRM7P3JayDqUpug5IM9qDu9qnO470EWex8Yh6d6dZMGynYjW+71cVPB9O6uOADoFZE50gnk=', '8ef3823ead979c912c60400ff5750fa08e30fc6822ef89ee0c2de248ae43e51e')\" title=\"Send e-mail to Jan Hir\u0161\">&#106;&#97;n.h&#105;rs&#64;skri&#118;&#97;&#110;ek&#46;&#99;&#111;m<\/a><\/div>\n\t\t\t\t<div class=\"wpa9-team-members-phone\"><\/div>\n\t\t\t\t<div class=\"wpa9-team-members-description\">Habla ingl\u00e9s y tiene un nivel b\u00e1sico de franc\u00e9s y alem\u00e1n<\/div>\n\n\t\t\t<\/div>\n\n\t\t\n\t\t\t<div class=\"wpa9-team-members-panel col-12 col-md-6 col-lg-4\">\n\n\t\t\t\t\t\t\t<figure class=\"wpa9-team-members-image\">\n\t\t\t\t\t<img alt=\"joe-2\" decoding=\"async\" src=\"https:\/\/skrivanek.com\/wp-content\/uploads\/2021\/05\/joe-2.jpg\" alt=\"\" class=\"img-responsive\" \/>\n\t\t\t\t<\/figure>\n\n\t\t\t\t<h4 class=\"wpa9-team-members-name\">Joe Atkinson<\/h4>\n\n\t\t\t\t<div class=\"wpa9-team-members-position\">Encargado de desarrollo empresarial<\/div>\n\t\t\t\t<div class=\"wpa9-team-members-email\"><a href=\"javascript:secureDecryptAndNavigate('o1n3lXsVfo7GJP+KcHmZ\/Bat+gKm1TXLlK5aswYBUCGPOpEyTjlaQxZb5\/flTOpP9GTZOGg87\/zg3KFo0U3DLa\/T7S6rC4rQt\/IhrGqbIehr', '8ef3823ead979c912c60400ff5750fa08e30fc6822ef89ee0c2de248ae43e51e')\" title=\"Send e-mail to Joe Atkinson\">&#74;oe&#46;&#65;&#116;&#107;i&#110;son&#64;skr&#105;van&#101;k.&#99;&#111;m<\/a><\/div>\n\t\t\t\t<div class=\"wpa9-team-members-phone\">+44(0)203 239 3256<\/div>\n\t\t\t\t<div class=\"wpa9-team-members-description\">Habla ingl\u00e9s y tiene un nivel b\u00e1sico de checo<\/div>\n\n\t\t\t<\/div>\n\n\t\t\n\t\t\t<div class=\"wpa9-team-members-panel col-12 col-md-6 col-lg-4\">\n\n\t\t\t\t\t\t\t<figure class=\"wpa9-team-members-image\">\n\t\t\t\t\t<img alt=\"ivana-matuska-1\" decoding=\"async\" src=\"https:\/\/skrivanek.com\/wp-content\/uploads\/2021\/05\/ivana-matuska-1.jpg\" alt=\"\" class=\"img-responsive\" \/>\n\t\t\t\t<\/figure>\n\n\t\t\t\t<h4 class=\"wpa9-team-members-name\">Ivana Matu\u0161ka<\/h4>\n\n\t\t\t\t<div class=\"wpa9-team-members-position\">Encargada de desarrollo empresarial<\/div>\n\t\t\t\t<div class=\"wpa9-team-members-email\"><a href=\"javascript:secureDecryptAndNavigate('U8Acp8yII7jts2Y9fC7O5vOaIeLCNJP1L5xTkW5z1DBJ3e6CrPDcsVEbkVVYPRVnPFlyB92cVzrIsheO+o2Y3CGJbZXSN0upggnjyV6EvK88lQ==', '8ef3823ead979c912c60400ff5750fa08e30fc6822ef89ee0c2de248ae43e51e')\" title=\"Send e-mail to Ivana Matu\u0161ka\">I&#118;a&#110;a.&#77;&#97;&#116;&#117;&#115;k&#97;&#64;s&#107;r&#105;v&#97;nek.c&#111;&#109;<\/a><\/div>\n\t\t\t\t<div class=\"wpa9-team-members-phone\">+420 605 221 857<\/div>\n\t\t\t\t<div class=\"wpa9-team-members-description\">Habla checo e ingl\u00e9s, y tiene un nivel b\u00e1sico de ruso, alem\u00e1n y polaco<\/div>\n\n\t\t\t<\/div>\n\n\t\t\n\t\t\t<div class=\"wpa9-team-members-panel col-12 col-md-6 col-lg-4\">\n\n\t\t\t\t\t\t\t<figure class=\"wpa9-team-members-image\">\n\t\t\t\t\t<img alt=\"omar-refaat-1\" decoding=\"async\" src=\"https:\/\/skrivanek.com\/wp-content\/uploads\/2021\/05\/omar-refaat-1.jpg\" alt=\"\" class=\"img-responsive\" \/>\n\t\t\t\t<\/figure>\n\n\t\t\t\t<h4 class=\"wpa9-team-members-name\">Omar Refaat<\/h4>\n\n\t\t\t\t<div class=\"wpa9-team-members-position\">Encargado de desarrollo empresarial<\/div>\n\t\t\t\t<div class=\"wpa9-team-members-email\"><a href=\"javascript:secureDecryptAndNavigate('oAyZb+TeonNUDavJoeSy0YXOPO6YQHzwSBfWs50JEDxEWMBe+hrsscIT+Ff4XtQ9o+Ewn1xEIvmbdmU0YZeSbcB1h27kwpmnNhOO0Dlfprs=', '8ef3823ead979c912c60400ff5750fa08e30fc6822ef89ee0c2de248ae43e51e')\" title=\"Send e-mail to Omar Refaat\">&#79;m&#97;&#114;&#46;&#82;&#101;f&#97;at&#64;skr&#105;&#118;&#97;&#110;&#101;&#107;&#46;c&#111;&#109;<\/a><\/div>\n\t\t\t\t<div class=\"wpa9-team-members-phone\">+44(0)203 239 3256<\/div>\n\t\t\t\t<div class=\"wpa9-team-members-description\">Habla ingl\u00e9s y \u00e1rabe, y tiene un nivel b\u00e1sico de checo<\/div>\n\n\t\t\t<\/div>\n\n\t\t\n\t\t\t<div class=\"wpa9-team-members-panel col-12 col-md-6 col-lg-4\">\n\n\t\t\t\t\t\t\t<figure class=\"wpa9-team-members-image\">\n\t\t\t\t\t<img alt=\"adela-polakova\" decoding=\"async\" src=\"https:\/\/skrivanek.com\/wp-content\/uploads\/2021\/05\/adela-polakova.jpg\" alt=\"\" class=\"img-responsive\" \/>\n\t\t\t\t<\/figure>\n\n\t\t\t\t<h4 class=\"wpa9-team-members-name\">Ad\u00e9la Pol\u00e1kov\u00e1<\/h4>\n\n\t\t\t\t<div class=\"wpa9-team-members-position\">Encargada de desarrollo empresarial<\/div>\n\t\t\t\t<div class=\"wpa9-team-members-email\"><a href=\"javascript:secureDecryptAndNavigate('rKrE+N37nBnpBeBT+ombpOFxVQ9gT91YIWWDwOQZpacF5BUm\/sZcxBuj5BDMw6Kb9+kQraKsYxBdj8C00o4kH37lLboflOEPN90st0CSay37MrU=', '8ef3823ead979c912c60400ff5750fa08e30fc6822ef89ee0c2de248ae43e51e')\" title=\"Send e-mail to Ad\u00e9la Pol\u00e1kov\u00e1\">&#65;del&#97;.&#80;&#111;la&#107;&#111;&#118;a&#64;&#115;k&#114;&#105;&#118;a&#110;ek&#46;co&#109;<\/a><\/div>\n\t\t\t\t<div class=\"wpa9-team-members-phone\">+420 603 163 629<\/div>\n\t\t\t\t<div class=\"wpa9-team-members-description\">Habla checo, ingl\u00e9s y franc\u00e9s<\/div>\n\n\t\t\t<\/div>\n\n\t\t\n\t\t\t<div class=\"wpa9-team-members-panel col-12 col-md-6 col-lg-4\">\n\n\t\t\t\t\t\t\t<figure class=\"wpa9-team-members-image\">\n\t\t\t\t\t<img alt=\"lenka-radova\" decoding=\"async\" src=\"https:\/\/skrivanek.com\/wp-content\/uploads\/2021\/05\/lenka-radova.jpg\" alt=\"\" class=\"img-responsive\" \/>\n\t\t\t\t<\/figure>\n\n\t\t\t\t<h4 class=\"wpa9-team-members-name\">Lenka Radov\u00e1<\/h4>\n\n\t\t\t\t<div class=\"wpa9-team-members-position\">Encargada de desarrollo empresarial<\/div>\n\t\t\t\t<div class=\"wpa9-team-members-email\"><a href=\"javascript:secureDecryptAndNavigate('dAVEtgwqD5XANVF9F7NZey8V3przLB50IXOnrh7zZ1N+OHFaFLK7jCES+C\/y0crMuW0JUhZTf8mnwJc+Mzzp6GRiP5PtVjcQja573ori+Nsh', '8ef3823ead979c912c60400ff5750fa08e30fc6822ef89ee0c2de248ae43e51e')\" title=\"Send e-mail to Lenka Radov\u00e1\">Le&#110;&#107;&#97;.&#82;a&#100;&#111;&#118;&#97;&#64;sk&#114;&#105;van&#101;k.com<\/a><\/div>\n\t\t\t\t<div class=\"wpa9-team-members-phone\">+420 739 383 991<\/div>\n\t\t\t\t<div class=\"wpa9-team-members-description\">Habla checo e ingl\u00e9s, y tiene un nivel b\u00e1sico de franc\u00e9s<\/div>\n\n\t\t\t<\/div>\n\n\t\t\n\t\t\t<div class=\"wpa9-team-members-panel col-12 col-md-6 col-lg-4\">\n\n\t\t\t\t\t\t\t<figure class=\"wpa9-team-members-image\">\n\t\t\t\t\t<img alt=\"liliana-sanchez\" decoding=\"async\" src=\"https:\/\/skrivanek.com\/wp-content\/uploads\/2021\/05\/liliana-sanchez.jpg\" alt=\"\" class=\"img-responsive\" \/>\n\t\t\t\t<\/figure>\n\n\t\t\t\t<h4 class=\"wpa9-team-members-name\">Liliana Sanchez<\/h4>\n\n\t\t\t\t<div class=\"wpa9-team-members-position\">Encargada de desarrollo empresarial<\/div>\n\t\t\t\t<div class=\"wpa9-team-members-email\"><a href=\"javascript:secureDecryptAndNavigate('+COLYCcUtmizVFaIYbzRo\/6fs7j1RLrRa8vnBdA7RkNym4kiibLyoCp9VjbVDOcSXp4DKmL+Tq\/SgAQsjMjnKlY4lYy0b8ylqrr8mq0sBLwPyeT1', '8ef3823ead979c912c60400ff5750fa08e30fc6822ef89ee0c2de248ae43e51e')\" title=\"Send e-mail to Liliana Sanchez\">L&#105;l&#105;an&#97;&#46;&#83;an&#99;&#104;ez&#64;&#115;kr&#105;&#118;&#97;nek.co&#109;<\/a><\/div>\n\t\t\t\t<div class=\"wpa9-team-members-phone\">+420 730 805 417<\/div>\n\t\t\t\t<div class=\"wpa9-team-members-description\">Habla espa\u00f1ol, italiano, franc\u00e9s e ingl\u00e9s<\/div>\n\n\t\t\t<\/div>\n\n\t\t\n\t\t\t<div class=\"wpa9-team-members-panel col-12 col-md-6 col-lg-4\">\n\n\t\t\t\t\t\t\t<figure class=\"wpa9-team-members-image\">\n\t\t\t\t\t<img alt=\"sunil-bali-1-1\" decoding=\"async\" src=\"https:\/\/skrivanek.com\/wp-content\/uploads\/2021\/05\/sunil-bali-1-1.jpg\" alt=\"\" class=\"img-responsive\" \/>\n\t\t\t\t<\/figure>\n\n\t\t\t\t<h4 class=\"wpa9-team-members-name\">Sunil Bali <\/h4>\n\n\t\t\t\t<div class=\"wpa9-team-members-position\">Encargado de desarrollo empresarial<\/div>\n\t\t\t\t<div class=\"wpa9-team-members-email\"><a href=\"javascript:secureDecryptAndNavigate('4vh\/6Cfpb96iMZsIDfYoj+IIW4ar4AaJp266lO+jUx25QeMY8LFs3nTJfWCTn2v8LaO4iD2Lex5KQes0yG8W2BV66M\/LIl3uoJKeZoXb4A==', '8ef3823ead979c912c60400ff5750fa08e30fc6822ef89ee0c2de248ae43e51e')\" title=\"Send e-mail to Sunil Bali \">Su&#110;il.Ba&#108;&#105;&#64;s&#107;riv&#97;&#110;&#101;k.&#99;o&#109;<\/a><\/div>\n\t\t\t\t<div class=\"wpa9-team-members-phone\">+44 (0) 203 289 0067<\/div>\n\t\t\t\t<div class=\"wpa9-team-members-description\">Habla ingl\u00e9s, urdu y panyab\u00ed, y tiene un nivel b\u00e1sico de checo<\/div>\n\n\t\t\t<\/div>\n\n\t\t\n\t\n<\/div>\n<\/div><\/div><\/div><\/div><div id=\"pg-6779-2\"  class=\"panel-grid panel-has-style\" ><div class=\"siteorigin-panels-stretch panel-row-style panel-row-style-for-6779-2\" data-stretch-type=\"full\" ><div id=\"pgc-6779-2-0\"  class=\"panel-grid-cell\" ><div id=\"panel-6779-2-0-0\" class=\"so-panel widget widget_wpa9-editor-ext panel-first-child panel-last-child\" data-index=\"2\" ><div class=\"panel-widget-style panel-widget-style-for-6779-2-0-0\" ><div\n\t\t\t\n\t\t\tclass=\"so-widget-wpa9-editor-ext so-widget-wpa9-editor-ext-default-c93e1481a745-6779\"\n\t\t\t\n\t\t>\n<div class=\"siteorigin-widget-tinymce textwidget\">\n\t<h3 style=\"text-align: center;\">Oficina central de la empresa<\/h3>\n<p>\u00a0<\/p>\n<div class=\"columns columns-2\" data-columns=\"2\">\n<div class=\"column column-1\">\n<h4>Direcci\u00f3n<\/h4>\n<p>Na dolin\u00e1ch 153\/22<br \/>\n147 00 Praha 4<br \/>\nRep\u00fablica Checa<\/p>\n<p><a class=\"btn btn-negative\" href=\"https:\/\/g.page\/Skrivanek_Praha_4?share\" target=\"_blank\" rel=\"noopener\">Mapa<\/a><\/p>\n<\/div>\n<div class=\"column column-2\">\n<h4>Contacto<\/h4>\n<p>Correo electr\u00f3nico: <a href=\"javascript:secureDecryptAndNavigate('\/xExO+LKIIyfGK1L2KzTc4mqHTcM0wBWAt78GrFnd2lDNU+aZWYC0erQr6xP2ykTWlMCo2GUKwqv6\/Ult6gDr6WW8Bjj9+pkVQ==', '8ef3823ead979c912c60400ff5750fa08e30fc6822ef89ee0c2de248ae43e51e')\" target=\"_blank\" rel=\"noopener\">&#105;nfo&#64;&#115;&#107;r&#105;va&#110;e&#107;.co&#109;<\/a><\/p>\n<\/div>\n<\/div>\n<\/div>\n<\/div><\/div><\/div><\/div><\/div><\/div><\/div>","protected":false},"excerpt":{"rendered":"<p>Sedes de Skrivanek Skrivanek Global Veve\u0159\u00ed 102 616 00 Brno Rep\u00fablica Checa Tel.: +420 605 235 691 WhatsApp: +420 605 235 691 &#105;&#110;fo&#64;sk&#114;&#105;&#118;an&#101;&#107;&#46;&#99;&#111;&#109; Skrivanek Reino Unido 4 Old Park Lane, Mayfair London W1K 1QW Reino Unido Tel.: +420 605 235 691 WhatsApp: +420 605 235 691 &#105;n&#102;o&#64;sk&#114;i&#118;&#97;&#110;&#101;k.c&#111;.u&#107; Skrivanek Am\u00e9rica 140 Broadway, 46th Floor New York, [&hellip;]<\/p>\n","protected":false},"author":1,"featured_media":0,"parent":0,"menu_order":0,"comment_status":"closed","ping_status":"open","template":"","meta":{"_acf_changed":false,"footnotes":""},"class_list":["post-6779","page","type-page","status-publish","hentry"],"acf":[],"aioseo_notices":[],"_links":{"self":[{"href":"https:\/\/skrivanek.com\/es\/wp-json\/wp\/v2\/pages\/6779","targetHints":{"allow":["GET"]}}],"collection":[{"href":"https:\/\/skrivanek.com\/es\/wp-json\/wp\/v2\/pages"}],"about":[{"href":"https:\/\/skrivanek.com\/es\/wp-json\/wp\/v2\/types\/page"}],"author":[{"embeddable":true,"href":"https:\/\/skrivanek.com\/es\/wp-json\/wp\/v2\/users\/1"}],"replies":[{"embeddable":true,"href":"https:\/\/skrivanek.com\/es\/wp-json\/wp\/v2\/comments?post=6779"}],"version-history":[{"count":0,"href":"https:\/\/skrivanek.com\/es\/wp-json\/wp\/v2\/pages\/6779\/revisions"}],"wp:attachment":[{"href":"https:\/\/skrivanek.com\/es\/wp-json\/wp\/v2\/media?parent=6779"}],"curies":[{"name":"wp","href":"https:\/\/api.w.org\/{rel}","templated":true}]}}