{"id":8068,"date":"2021-08-02T13:15:41","date_gmt":"2021-08-02T11:15:41","guid":{"rendered":"https:\/\/skrivanek.com\/informationen\/sonstige-zertifizierungen\/"},"modified":"2026-03-23T18:53:05","modified_gmt":"2026-03-23T17:53:05","slug":"sonstige-zertifizierungen","status":"publish","type":"page","link":"https:\/\/skrivanek.com\/de\/informationen\/sonstige-zertifizierungen\/","title":{"rendered":"Sonstige Zertifizierungen"},"content":{"rendered":"<div id=\"pl-8068\"  class=\"panel-layout\" ><div id=\"pg-8068-0\"  class=\"panel-grid panel-has-style\" ><div class=\"siteorigin-panels-stretch panel-row-padding-none panel-row-style panel-row-style-for-8068-0\" data-stretch-type=\"full\" ><div id=\"pgc-8068-0-0\"  class=\"panel-grid-cell\" ><div id=\"panel-8068-0-0-0\" class=\"so-panel widget widget_wpa9-card-l panel-first-child panel-last-child\" data-index=\"0\" ><div\n\t\t\t\n\t\t\tclass=\"so-widget-wpa9-card-l so-widget-wpa9-card-l-default-c93e1481a745-8068\"\n\t\t\t\n\t\t>\n\n<div class=\"wpa9-card wpa9-card-l-container d-flex flex-wrap wpa9-columns-3\">\n\n\t\n\t\t\n\t<div class=\"wpa9-card-l-panel wpa9-panel shadow rounded d-flex flex-column justify-content-between\">\n\n\t\t<div>\n\t\t\t\t\n\t\t\t\t\t\t\t\t<h2 class=\"wpa9-panel-title\">CSA 2022: Die 50 gr\u00f6\u00dften Sprachdienstleister weltweit<\/h2>\n\t\t\n\t\t\t\t\t\t\t\t<figure>\n\t\t\t\t<img decoding=\"async\" src=\"https:\/\/skrivanek.com\/wp-content\/uploads\/2024\/05\/csa-20222.webp\" alt=\"CSA 2022: Die 50 gr\u00f6\u00dften Sprachdienstleister weltweit\" class=\"img-responsive\" style=\"width:100%\"\/>\n\t\t\t<\/figure>\n\t\t\t\t\t\t<\/div>\n\n\t\t\n\t<\/div>\n\n\t\t\n\t<div class=\"wpa9-card-l-panel wpa9-panel shadow rounded d-flex flex-column justify-content-between\">\n\n\t\t<div>\n\t\t\t\t\n\t\t\t\t\t\t\t\t<h2 class=\"wpa9-panel-title\">CSA 2021: Die 100 gr\u00f6\u00dften Sprachdienstleister weltweit<\/h2>\n\t\t\n\t\t\t\t\t\t\t\t<figure>\n\t\t\t\t<img decoding=\"async\" src=\"https:\/\/skrivanek.com\/wp-content\/uploads\/2021\/07\/top-100-948x520.jpg\" alt=\"CSA 2021: Die 100 gr\u00f6\u00dften Sprachdienstleister weltweit\" class=\"img-responsive\" style=\"width:100%\"\/>\n\t\t\t<\/figure>\n\t\t\t\t\t\t<\/div>\n\n\t\t\n\t<\/div>\n\n\t\t\n\t<div class=\"wpa9-card-l-panel wpa9-panel shadow rounded d-flex flex-column justify-content-between\">\n\n\t\t<div>\n\t\t\t\t\n\t\t\t\t\t\t\t\t<h2 class=\"wpa9-panel-title\">CSA 2020: Die 50 gr\u00f6\u00dften Sprachdienstleister weltweit<\/h2>\n\t\t\n\t\t\t\t\t\t\t\t<figure>\n\t\t\t\t<img decoding=\"async\" src=\"https:\/\/skrivanek.com\/wp-content\/uploads\/2022\/06\/global-50-high-res-2020-948x632.png\" alt=\"CSA 2020: Die 50 gr\u00f6\u00dften Sprachdienstleister weltweit\" class=\"img-responsive\" style=\"width:100%\"\/>\n\t\t\t<\/figure>\n\t\t\t\t\t\t<\/div>\n\n\t\t\n\t<\/div>\n\n\t\t\n\t<div class=\"wpa9-card-l-panel wpa9-panel shadow rounded d-flex flex-column justify-content-between\">\n\n\t\t<div>\n\t\t\t\t\n\t\t\t\t\t\t\t\t<h2 class=\"wpa9-panel-title\">CSA 2019: Die 100 besten Sprachdienstleister weltweit<\/h2>\n\t\t\n\t\t\t\t\t\t\t\t<figure>\n\t\t\t\t<img decoding=\"async\" src=\"https:\/\/skrivanek.com\/wp-content\/uploads\/2021\/03\/the-top-100-language-service-providers-in-the-world.png\" alt=\"CSA 2019: Die 100 besten Sprachdienstleister weltweit\" class=\"img-responsive\" style=\"width:100%\"\/>\n\t\t\t<\/figure>\n\t\t\t\t\t\t<\/div>\n\n\t\t\t\t<div class=\"meta meta-buttons d-flex flex-column flex-sm-row justify-content-center\">\n\t\t\t\t\t<a class=\"btn btn-negative \" href=\"\/wp-content\/uploads\/2021\/03\/csa-2019.pdf\" title=\"Herunterladen\">Herunterladen<\/a>\n\t\t\t\t\t\t<\/div>\n\t\t\n\t<\/div>\n\n\t\t\n\t<div class=\"wpa9-card-l-panel wpa9-panel shadow rounded d-flex flex-column justify-content-between\">\n\n\t\t<div>\n\t\t\t\t\n\t\t\t\t\t\t\t\t<h2 class=\"wpa9-panel-title\">CSA 2018: Die 100 besten Sprachdienstleister weltweit<\/h2>\n\t\t\n\t\t\t\t\t\t\t\t<figure>\n\t\t\t\t<img decoding=\"async\" src=\"https:\/\/skrivanek.com\/wp-content\/uploads\/2021\/03\/csa-pr-2018-skrivanek-0.png\" alt=\"CSA 2018: Die 100 besten Sprachdienstleister weltweit\" class=\"img-responsive\" style=\"width:100%\"\/>\n\t\t\t<\/figure>\n\t\t\t\t\t\t<\/div>\n\n\t\t\t\t<div class=\"meta meta-buttons d-flex flex-column flex-sm-row justify-content-center\">\n\t\t\t\t\t<a class=\"btn btn-negative \" href=\"\/wp-content\/uploads\/2021\/03\/csa-2018.pdf\" title=\"Herunterladen\">Herunterladen<\/a>\n\t\t\t\t\t\t<\/div>\n\t\t\n\t<\/div>\n\n\t\t\n\t\n<\/div>\n<\/div><\/div><\/div><\/div><\/div><\/div>","protected":false},"excerpt":{"rendered":"<p>CSA 2022: Die 50 gr\u00f6\u00dften Sprachdienstleister weltweit CSA 2021: Die 100 gr\u00f6\u00dften Sprachdienstleister weltweit CSA 2020: Die 50 gr\u00f6\u00dften Sprachdienstleister weltweit CSA 2019: Die 100 besten Sprachdienstleister weltweit Herunterladen CSA 2018: Die 100 besten Sprachdienstleister weltweit Herunterladen<\/p>\n","protected":false},"author":10,"featured_media":0,"parent":8062,"menu_order":0,"comment_status":"closed","ping_status":"open","template":"","meta":{"_acf_changed":false,"footnotes":""},"class_list":["post-8068","page","type-page","status-publish","hentry"],"acf":[],"aioseo_notices":[],"_links":{"self":[{"href":"https:\/\/skrivanek.com\/de\/wp-json\/wp\/v2\/pages\/8068","targetHints":{"allow":["GET"]}}],"collection":[{"href":"https:\/\/skrivanek.com\/de\/wp-json\/wp\/v2\/pages"}],"about":[{"href":"https:\/\/skrivanek.com\/de\/wp-json\/wp\/v2\/types\/page"}],"author":[{"embeddable":true,"href":"https:\/\/skrivanek.com\/de\/wp-json\/wp\/v2\/users\/10"}],"replies":[{"embeddable":true,"href":"https:\/\/skrivanek.com\/de\/wp-json\/wp\/v2\/comments?post=8068"}],"version-history":[{"count":3,"href":"https:\/\/skrivanek.com\/de\/wp-json\/wp\/v2\/pages\/8068\/revisions"}],"predecessor-version":[{"id":93223,"href":"https:\/\/skrivanek.com\/de\/wp-json\/wp\/v2\/pages\/8068\/revisions\/93223"}],"up":[{"embeddable":true,"href":"https:\/\/skrivanek.com\/de\/wp-json\/wp\/v2\/pages\/8062"}],"wp:attachment":[{"href":"https:\/\/skrivanek.com\/de\/wp-json\/wp\/v2\/media?parent=8068"}],"curies":[{"name":"wp","href":"https:\/\/api.w.org\/{rel}","templated":true}]}}